{"id":28233,"date":"2022-08-22T14:14:27","date_gmt":"2022-08-22T14:14:27","guid":{"rendered":"https:\/\/www.bankvogue.com\/nos-produits\/"},"modified":"2025-12-11T16:56:27","modified_gmt":"2025-12-11T16:56:27","slug":"nos-produits","status":"publish","type":"page","link":"https:\/\/www.bankvogue.com\/fr\/nos-produits\/","title":{"rendered":"Nos produits"},"content":{"rendered":"\t\t<div data-elementor-type=\"wp-page\" data-elementor-id=\"28233\" class=\"elementor elementor-28233 elementor-2062\" data-elementor-post-type=\"page\">\n\t\t\t\t\t\t<section class=\"elementor-section elementor-top-section elementor-element elementor-element-68c1a17 inner-benner elementor-section-full_width elementor-section-height-default elementor-section-height-default\" data-id=\"68c1a17\" data-element_type=\"section\" data-e-type=\"section\" data-settings=\"{&quot;background_background&quot;:&quot;classic&quot;}\">\n\t\t\t\t\t\t\t<div class=\"elementor-background-overlay\"><\/div>\n\t\t\t\t\t\t\t<div class=\"elementor-container elementor-column-gap-default\">\n\t\t\t\t\t<div class=\"elementor-column elementor-col-100 elementor-top-column elementor-element elementor-element-9de17b2\" data-id=\"9de17b2\" data-element_type=\"column\" data-e-type=\"column\">\n\t\t\t<div class=\"elementor-widget-wrap elementor-element-populated\">\n\t\t\t\t\t\t<div class=\"elementor-element elementor-element-dd15789 elementor-widget elementor-widget-spacer\" data-id=\"dd15789\" data-element_type=\"widget\" data-e-type=\"widget\" data-widget_type=\"spacer.default\">\n\t\t\t\t<div class=\"elementor-widget-container\">\n\t\t\t\t\t\t\t<div class=\"elementor-spacer\">\n\t\t\t<div class=\"elementor-spacer-inner\"><\/div>\n\t\t<\/div>\n\t\t\t\t\t\t<\/div>\n\t\t\t\t<\/div>\n\t\t\t\t<div class=\"elementor-element elementor-element-38e5719 inner-h1 elementor-widget elementor-widget-heading\" data-id=\"38e5719\" data-element_type=\"widget\" data-e-type=\"widget\" data-widget_type=\"heading.default\">\n\t\t\t\t<div class=\"elementor-widget-container\">\n\t\t\t\t\t<h1 class=\"elementor-heading-title elementor-size-default\"><span>Nos<\/span> produits<\/h1>\t\t\t\t<\/div>\n\t\t\t\t<\/div>\n\t\t\t\t<div class=\"elementor-element elementor-element-1114627 elementor-widget elementor-widget-button\" data-id=\"1114627\" data-element_type=\"widget\" data-e-type=\"widget\" data-widget_type=\"button.default\">\n\t\t\t\t<div class=\"elementor-widget-container\">\n\t\t\t\t\t\t\t\t\t<div class=\"elementor-button-wrapper\">\n\t\t\t\t\t<a class=\"elementor-button elementor-button-link elementor-size-sm\" href=\"https:\/\/wa.me\/+16137478465\">\n\t\t\t\t\t\t<span class=\"elementor-button-content-wrapper\">\n\t\t\t\t\t\t<span class=\"elementor-button-icon\">\n\t\t\t\t<i aria-hidden=\"true\" class=\"fab fa-whatsapp\"><\/i>\t\t\t<\/span>\n\t\t\t\t\t\t\t\t\t<span class=\"elementor-button-text\">Whatsapp +1.613.747.8465<\/span>\n\t\t\t\t\t<\/span>\n\t\t\t\t\t<\/a>\n\t\t\t\t<\/div>\n\t\t\t\t\t\t\t\t<\/div>\n\t\t\t\t<\/div>\n\t\t\t\t\t<\/div>\n\t\t<\/div>\n\t\t\t\t\t<\/div>\n\t\t<\/section>\n\t\t\t\t<section class=\"elementor-section elementor-top-section elementor-element elementor-element-3a57bb72 ptb-80 want-Tolearn elementor-section-boxed elementor-section-height-default elementor-section-height-default\" data-id=\"3a57bb72\" data-element_type=\"section\" data-e-type=\"section\">\n\t\t\t\t\t\t<div class=\"elementor-container elementor-column-gap-default\">\n\t\t\t\t\t<div class=\"elementor-column elementor-col-100 elementor-top-column elementor-element elementor-element-1f8c9923\" data-id=\"1f8c9923\" data-element_type=\"column\" data-e-type=\"column\">\n\t\t\t<div class=\"elementor-widget-wrap elementor-element-populated\">\n\t\t\t\t\t\t<div class=\"elementor-element elementor-element-19d50c0e elementor-widget elementor-widget-heading\" data-id=\"19d50c0e\" data-element_type=\"widget\" data-e-type=\"widget\" data-widget_type=\"heading.default\">\n\t\t\t\t<div class=\"elementor-widget-container\">\n\t\t\t\t\t<h2 class=\"elementor-heading-title elementor-size-default\">Vous souhaitez en savoir plus sur nos produits ?<\/h2>\t\t\t\t<\/div>\n\t\t\t\t<\/div>\n\t\t\t\t<div class=\"elementor-element elementor-element-1ede03ef elementor-widget elementor-widget-text-editor\" data-id=\"1ede03ef\" data-element_type=\"widget\" data-e-type=\"widget\" data-widget_type=\"text-editor.default\">\n\t\t\t\t<div class=\"elementor-widget-container\">\n\t\t\t\t\t\t\t\t\t<p>En tant que partenaire de confiance dans le secteur de la vente en gros de produits d&rsquo;occasion, nous comprenons parfaitement les tendances du march\u00e9 et disposons d&rsquo;un r\u00e9seau mondial de clients. Cliquez sur la cat\u00e9gorie de produits qui vous int\u00e9resse pour en savoir plus. <\/p>\t\t\t\t\t\t\t\t<\/div>\n\t\t\t\t<\/div>\n\t\t\t\t<section class=\"elementor-section elementor-inner-section elementor-element elementor-element-505c9302 elementor-section-content-top pt-30 inner_menu_mian animated-slow elementor-section-boxed elementor-section-height-default elementor-section-height-default elementor-invisible\" data-id=\"505c9302\" data-element_type=\"section\" data-e-type=\"section\" data-settings=\"{&quot;animation&quot;:&quot;fadeInUp&quot;}\">\n\t\t\t\t\t\t<div class=\"elementor-container elementor-column-gap-default\">\n\t\t\t\t\t<div class=\"elementor-column elementor-col-100 elementor-inner-column elementor-element elementor-element-2a3e5b74\" data-id=\"2a3e5b74\" data-element_type=\"column\" data-e-type=\"column\">\n\t\t\t<div class=\"elementor-widget-wrap elementor-element-populated\">\n\t\t\t\t\t\t<div class=\"elementor-element elementor-element-6d3deb64 elementor-widget elementor-widget-heading\" data-id=\"6d3deb64\" data-element_type=\"widget\" data-e-type=\"widget\" data-widget_type=\"heading.default\">\n\t\t\t\t<div class=\"elementor-widget-container\">\n\t\t\t\t\t<h3 class=\"elementor-heading-title elementor-size-default\">Produits utilis\u00e9s<\/h3>\t\t\t\t<\/div>\n\t\t\t\t<\/div>\n\t\t\t\t<div class=\"elementor-element elementor-element-a6b1349 elementor-nav-menu--dropdown-none elementor-widget elementor-widget-nav-menu\" data-id=\"a6b1349\" data-element_type=\"widget\" data-e-type=\"widget\" data-settings=\"{&quot;layout&quot;:&quot;vertical&quot;,&quot;submenu_icon&quot;:{&quot;value&quot;:&quot;&lt;i class=\\&quot;fas fa-caret-down\\&quot;&gt;&lt;\\\/i&gt;&quot;,&quot;library&quot;:&quot;fa-solid&quot;}}\" data-widget_type=\"nav-menu.default\">\n\t\t\t\t<div class=\"elementor-widget-container\">\n\t\t\t\t\t\t\t\t<nav aria-label=\"Menu\" class=\"elementor-nav-menu--main elementor-nav-menu__container elementor-nav-menu--layout-vertical e--pointer-underline e--animation-fade\">\n\t\t\t\t<ul id=\"menu-1-a6b1349\" class=\"elementor-nav-menu sm-vertical\"><li class=\"menu-item menu-item-type-custom menu-item-object-custom menu-item-28538\"><a href=\"\/credential-clothing\" class=\"elementor-item menu-link\">Credential Clothing<\/a><\/li>\n<li class=\"menu-item menu-item-type-custom menu-item-object-custom menu-item-28539\"><a href=\"\/mixed-rags\" class=\"elementor-item menu-link\">Mixed Rags<\/a><\/li>\n<li class=\"menu-item menu-item-type-custom menu-item-object-custom menu-item-28540\"><a href=\"\/wholesale-used-clothes\" class=\"elementor-item menu-link\">Vente en gros de v\u00eatements d\\&rsquo;occasion<\/a><\/li>\n<li class=\"menu-item menu-item-type-custom menu-item-object-custom menu-item-28541\"><a href=\"\/used-toys\" class=\"elementor-item menu-link\">Jouets d\\&rsquo;occasion<\/a><\/li>\n<li class=\"menu-item menu-item-type-custom menu-item-object-custom menu-item-28542\"><a href=\"\/shoes-purses-belts\" class=\"elementor-item menu-link\">Chaussures, sacs \u00e0 main et ceintures<\/a><\/li>\n<li class=\"menu-item menu-item-type-custom menu-item-object-custom menu-item-28543\"><a href=\"\/books\" class=\"elementor-item menu-link\">Books<\/a><\/li>\n<li class=\"menu-item menu-item-type-custom menu-item-object-custom menu-item-28544\"><a href=\"\/bric-brac\" class=\"elementor-item menu-link\">Bric Brac<\/a><\/li>\n<li class=\"menu-item menu-item-type-custom menu-item-object-custom menu-item-28545\"><a href=\"\/used-kitchenware-metalware\" class=\"elementor-item menu-link\">Ustensiles de cuisine et m\u00e9talwave d\\&rsquo;occasion<\/a><\/li>\n<li class=\"menu-item menu-item-type-custom menu-item-object-custom menu-item-28546\"><a href=\"\/used-linens\" class=\"elementor-item menu-link\">Lignes utilis\u00e9es<\/a><\/li>\n<li class=\"menu-item menu-item-type-custom menu-item-object-custom menu-item-28547\"><a href=\"\/vintage-clothing\" class=\"elementor-item menu-link\">V\u00eatements vintage<\/a><\/li>\n<\/ul>\t\t\t<\/nav>\n\t\t\t\t\t\t<nav class=\"elementor-nav-menu--dropdown elementor-nav-menu__container\" aria-hidden=\"true\">\n\t\t\t\t<ul id=\"menu-2-a6b1349\" class=\"elementor-nav-menu sm-vertical\"><li class=\"menu-item menu-item-type-custom menu-item-object-custom menu-item-28538\"><a href=\"\/credential-clothing\" class=\"elementor-item menu-link\" tabindex=\"-1\">Credential Clothing<\/a><\/li>\n<li class=\"menu-item menu-item-type-custom menu-item-object-custom menu-item-28539\"><a href=\"\/mixed-rags\" class=\"elementor-item menu-link\" tabindex=\"-1\">Mixed Rags<\/a><\/li>\n<li class=\"menu-item menu-item-type-custom menu-item-object-custom menu-item-28540\"><a href=\"\/wholesale-used-clothes\" class=\"elementor-item menu-link\" tabindex=\"-1\">Vente en gros de v\u00eatements d\\&rsquo;occasion<\/a><\/li>\n<li class=\"menu-item menu-item-type-custom menu-item-object-custom menu-item-28541\"><a href=\"\/used-toys\" class=\"elementor-item menu-link\" tabindex=\"-1\">Jouets d\\&rsquo;occasion<\/a><\/li>\n<li class=\"menu-item menu-item-type-custom menu-item-object-custom menu-item-28542\"><a href=\"\/shoes-purses-belts\" class=\"elementor-item menu-link\" tabindex=\"-1\">Chaussures, sacs \u00e0 main et ceintures<\/a><\/li>\n<li class=\"menu-item menu-item-type-custom menu-item-object-custom menu-item-28543\"><a href=\"\/books\" class=\"elementor-item menu-link\" tabindex=\"-1\">Books<\/a><\/li>\n<li class=\"menu-item menu-item-type-custom menu-item-object-custom menu-item-28544\"><a href=\"\/bric-brac\" class=\"elementor-item menu-link\" tabindex=\"-1\">Bric Brac<\/a><\/li>\n<li class=\"menu-item menu-item-type-custom menu-item-object-custom menu-item-28545\"><a href=\"\/used-kitchenware-metalware\" class=\"elementor-item menu-link\" tabindex=\"-1\">Ustensiles de cuisine et m\u00e9talwave d\\&rsquo;occasion<\/a><\/li>\n<li class=\"menu-item menu-item-type-custom menu-item-object-custom menu-item-28546\"><a href=\"\/used-linens\" class=\"elementor-item menu-link\" tabindex=\"-1\">Lignes utilis\u00e9es<\/a><\/li>\n<li class=\"menu-item menu-item-type-custom menu-item-object-custom menu-item-28547\"><a href=\"\/vintage-clothing\" class=\"elementor-item menu-link\" tabindex=\"-1\">V\u00eatements vintage<\/a><\/li>\n<\/ul>\t\t\t<\/nav>\n\t\t\t\t\t\t<\/div>\n\t\t\t\t<\/div>\n\t\t\t\t\t<\/div>\n\t\t<\/div>\n\t\t\t\t\t<\/div>\n\t\t<\/section>\n\t\t\t\t\t<\/div>\n\t\t<\/div>\n\t\t\t\t\t<\/div>\n\t\t<\/section>\n\t\t\t\t<section class=\"elementor-section elementor-top-section elementor-element elementor-element-72b1cc44 ptb-80 elementor-section-boxed elementor-section-height-default elementor-section-height-default\" data-id=\"72b1cc44\" data-element_type=\"section\" data-e-type=\"section\" data-settings=\"{&quot;background_background&quot;:&quot;classic&quot;}\">\n\t\t\t\t\t\t<div class=\"elementor-container elementor-column-gap-default\">\n\t\t\t\t\t<div class=\"elementor-column elementor-col-100 elementor-top-column elementor-element elementor-element-60707ef4\" data-id=\"60707ef4\" data-element_type=\"column\" data-e-type=\"column\">\n\t\t\t<div class=\"elementor-widget-wrap elementor-element-populated\">\n\t\t\t\t\t\t<div class=\"elementor-element elementor-element-2febf32d elementor-invisible elementor-widget elementor-widget-heading\" data-id=\"2febf32d\" data-element_type=\"widget\" data-e-type=\"widget\" data-settings=\"{&quot;_animation&quot;:&quot;fadeInUp&quot;}\" data-widget_type=\"heading.default\">\n\t\t\t\t<div class=\"elementor-widget-container\">\n\t\t\t\t\t<h2 class=\"elementor-heading-title elementor-size-default\">Nos derni\u00e8res nouvelles<\/h2>\t\t\t\t<\/div>\n\t\t\t\t<\/div>\n\t\t\t\t<section class=\"elementor-section elementor-inner-section elementor-element elementor-element-16ddfdf1 our_latest_news_main elementor-section-boxed elementor-section-height-default elementor-section-height-default\" data-id=\"16ddfdf1\" data-element_type=\"section\" data-e-type=\"section\">\n\t\t\t\t\t\t<div class=\"elementor-container elementor-column-gap-default\">\n\t\t\t\t\t<div class=\"elementor-column elementor-col-100 elementor-inner-column elementor-element elementor-element-2ed4a81e\" data-id=\"2ed4a81e\" data-element_type=\"column\" data-e-type=\"column\">\n\t\t\t<div class=\"elementor-widget-wrap elementor-element-populated\">\n\t\t\t\t\t\t\t<\/div>\n\t\t<\/div>\n\t\t\t\t\t<\/div>\n\t\t<\/section>\n\t\t\t\t\t<\/div>\n\t\t<\/div>\n\t\t\t\t\t<\/div>\n\t\t<\/section>\n\t\t\t\t<\/div>\n\t\t","protected":false},"excerpt":{"rendered":"<p>Nos produits Whatsapp +1.613.747.8465 Vous souhaitez en savoir plus sur nos produits ? En tant que partenaire de confiance dans le secteur de la vente en gros de produits d&rsquo;occasion, nous comprenons parfaitement les tendances du march\u00e9 et disposons d&rsquo;un r\u00e9seau mondial de clients. Cliquez sur la cat\u00e9gorie de produits qui vous int\u00e9resse pour en [&hellip;]<\/p>\n","protected":false},"author":3,"featured_media":0,"parent":0,"menu_order":0,"comment_status":"closed","ping_status":"closed","template":"","meta":{"site-sidebar-layout":"default","site-content-layout":"","ast-site-content-layout":"default","site-content-style":"default","site-sidebar-style":"default","ast-global-header-display":"","ast-banner-title-visibility":"","ast-main-header-display":"","ast-hfb-above-header-display":"","ast-hfb-below-header-display":"","ast-hfb-mobile-header-display":"","site-post-title":"","ast-breadcrumbs-content":"","ast-featured-img":"","footer-sml-layout":"","theme-transparent-header-meta":"default","adv-header-id-meta":"","stick-header-meta":"","header-above-stick-meta":"","header-main-stick-meta":"","header-below-stick-meta":"","astra-migrate-meta-layouts":"set","ast-page-background-enabled":"default","ast-page-background-meta":{"desktop":{"background-color":"","background-image":"","background-repeat":"repeat","background-position":"center center","background-size":"auto","background-attachment":"scroll","background-type":"","background-media":"","overlay-type":"","overlay-color":"","overlay-opacity":"","overlay-gradient":""},"tablet":{"background-color":"","background-image":"","background-repeat":"repeat","background-position":"center center","background-size":"auto","background-attachment":"scroll","background-type":"","background-media":"","overlay-type":"","overlay-color":"","overlay-opacity":"","overlay-gradient":""},"mobile":{"background-color":"","background-image":"","background-repeat":"repeat","background-position":"center center","background-size":"auto","background-attachment":"scroll","background-type":"","background-media":"","overlay-type":"","overlay-color":"","overlay-opacity":"","overlay-gradient":""}},"ast-content-background-meta":{"desktop":{"background-color":"var(--ast-global-color-5)","background-image":"","background-repeat":"repeat","background-position":"center center","background-size":"auto","background-attachment":"scroll","background-type":"","background-media":"","overlay-type":"","overlay-color":"","overlay-opacity":"","overlay-gradient":""},"tablet":{"background-color":"var(--ast-global-color-5)","background-image":"","background-repeat":"repeat","background-position":"center center","background-size":"auto","background-attachment":"scroll","background-type":"","background-media":"","overlay-type":"","overlay-color":"","overlay-opacity":"","overlay-gradient":""},"mobile":{"background-color":"var(--ast-global-color-5)","background-image":"","background-repeat":"repeat","background-position":"center center","background-size":"auto","background-attachment":"scroll","background-type":"","background-media":"","overlay-type":"","overlay-color":"","overlay-opacity":"","overlay-gradient":""}},"footnotes":""},"class_list":["post-28233","page","type-page","status-publish","hentry"],"yoast_head":"<!-- This site is optimized with the Yoast SEO plugin v25.4 - https:\/\/yoast.com\/wordpress\/plugins\/seo\/ -->\n<title>Commerce de gros et de gros des biens d&#039;occasion en Am\u00e9rique du Nord | Bank &amp; Vogue<\/title>\n<meta name=\"description\" content=\"Nous proposons une large gamme de produits d&#039;occasion de haute qualit\u00e9, tels que des v\u00eatements, des chaussures, des chiffons et bien d&#039;autres encore. Apprenez-en plus sur nos produits d&#039;occasion en gros.\" \/>\n<meta name=\"robots\" content=\"noindex, nofollow\" \/>\n<meta property=\"og:locale\" content=\"fr_FR\" \/>\n<meta property=\"og:type\" content=\"article\" \/>\n<meta property=\"og:title\" content=\"Commerce de gros et de gros des biens d&#039;occasion en Am\u00e9rique du Nord | Bank &amp; Vogue\" \/>\n<meta property=\"og:description\" content=\"Nous proposons une large gamme de produits d&#039;occasion de haute qualit\u00e9, tels que des v\u00eatements, des chaussures, des chiffons et bien d&#039;autres encore. Apprenez-en plus sur nos produits d&#039;occasion en gros.\" \/>\n<meta property=\"og:url\" content=\"https:\/\/www.bankvogue.com\/fr\/nos-produits\/\" \/>\n<meta property=\"og:site_name\" content=\"Bank &amp; Vogue\" \/>\n<meta property=\"article:publisher\" content=\"https:\/\/www.facebook.com\/login\/\" \/>\n<meta property=\"article:modified_time\" content=\"2025-12-11T16:56:27+00:00\" \/>\n<meta name=\"twitter:card\" content=\"summary_large_image\" \/>\n<meta name=\"twitter:site\" content=\"@login\" \/>\n<!-- \/ Yoast SEO plugin. -->","yoast_head_json":{"title":"Commerce de gros et de gros des biens d'occasion en Am\u00e9rique du Nord | Bank & Vogue","description":"Nous proposons une large gamme de produits d'occasion de haute qualit\u00e9, tels que des v\u00eatements, des chaussures, des chiffons et bien d'autres encore. Apprenez-en plus sur nos produits d'occasion en gros.","robots":{"index":"noindex","follow":"nofollow"},"og_locale":"fr_FR","og_type":"article","og_title":"Commerce de gros et de gros des biens d'occasion en Am\u00e9rique du Nord | Bank & Vogue","og_description":"Nous proposons une large gamme de produits d'occasion de haute qualit\u00e9, tels que des v\u00eatements, des chaussures, des chiffons et bien d'autres encore. Apprenez-en plus sur nos produits d'occasion en gros.","og_url":"https:\/\/www.bankvogue.com\/fr\/nos-produits\/","og_site_name":"Bank &amp; Vogue","article_publisher":"https:\/\/www.facebook.com\/login\/","article_modified_time":"2025-12-11T16:56:27+00:00","twitter_card":"summary_large_image","twitter_site":"@login","schema":{"@context":"https:\/\/schema.org","@graph":[{"@type":"WebPage","@id":"https:\/\/www.bankvogue.com\/fr\/nos-produits\/","url":"https:\/\/www.bankvogue.com\/fr\/nos-produits\/","name":"Commerce de gros et de gros des biens d'occasion en Am\u00e9rique du Nord | Bank & Vogue","isPartOf":{"@id":"https:\/\/www.bankvogue.com\/fr\/#website"},"datePublished":"2022-08-22T14:14:27+00:00","dateModified":"2025-12-11T16:56:27+00:00","description":"Nous proposons une large gamme de produits d'occasion de haute qualit\u00e9, tels que des v\u00eatements, des chaussures, des chiffons et bien d'autres encore. Apprenez-en plus sur nos produits d'occasion en gros.","breadcrumb":{"@id":"https:\/\/www.bankvogue.com\/fr\/nos-produits\/#breadcrumb"},"inLanguage":"fr-FR","potentialAction":[{"@type":"ReadAction","target":["https:\/\/www.bankvogue.com\/fr\/nos-produits\/"]}]},{"@type":"BreadcrumbList","@id":"https:\/\/www.bankvogue.com\/fr\/nos-produits\/#breadcrumb","itemListElement":[{"@type":"ListItem","position":1,"name":"Home","item":"https:\/\/www.bankvogue.com\/fr\/"},{"@type":"ListItem","position":2,"name":"Nos produits"}]},{"@type":"WebSite","@id":"https:\/\/www.bankvogue.com\/fr\/#website","url":"https:\/\/www.bankvogue.com\/fr\/","name":"Bank &amp; Vogue","description":"LTD\/LTEE","publisher":{"@id":"https:\/\/www.bankvogue.com\/fr\/#organization"},"alternateName":"B&V","potentialAction":[{"@type":"SearchAction","target":{"@type":"EntryPoint","urlTemplate":"https:\/\/www.bankvogue.com\/fr\/?s={search_term_string}"},"query-input":{"@type":"PropertyValueSpecification","valueRequired":true,"valueName":"search_term_string"}}],"inLanguage":"fr-FR"},{"@type":"Organization","@id":"https:\/\/www.bankvogue.com\/fr\/#organization","name":"Bank &amp; Vogue","url":"https:\/\/www.bankvogue.com\/fr\/","logo":{"@type":"ImageObject","inLanguage":"fr-FR","@id":"https:\/\/www.bankvogue.com\/fr\/#\/schema\/logo\/image\/","url":"https:\/\/www.bankvogue.com\/wp-content\/uploads\/2022\/08\/reverse-2.png","contentUrl":"https:\/\/www.bankvogue.com\/wp-content\/uploads\/2022\/08\/reverse-2.png","width":251,"height":210,"caption":"Bank &amp; Vogue"},"image":{"@id":"https:\/\/www.bankvogue.com\/fr\/#\/schema\/logo\/image\/"},"sameAs":["https:\/\/www.facebook.com\/login\/","https:\/\/x.com\/login"]}]}},"blog_post_layout_featured_media_urls":{"thumbnail":"","full":""},"categories_names":null,"comments_number":"0","_links":{"self":[{"href":"https:\/\/www.bankvogue.com\/fr\/wp-json\/wp\/v2\/pages\/28233","targetHints":{"allow":["GET"]}}],"collection":[{"href":"https:\/\/www.bankvogue.com\/fr\/wp-json\/wp\/v2\/pages"}],"about":[{"href":"https:\/\/www.bankvogue.com\/fr\/wp-json\/wp\/v2\/types\/page"}],"author":[{"embeddable":true,"href":"https:\/\/www.bankvogue.com\/fr\/wp-json\/wp\/v2\/users\/3"}],"replies":[{"embeddable":true,"href":"https:\/\/www.bankvogue.com\/fr\/wp-json\/wp\/v2\/comments?post=28233"}],"version-history":[{"count":1,"href":"https:\/\/www.bankvogue.com\/fr\/wp-json\/wp\/v2\/pages\/28233\/revisions"}],"predecessor-version":[{"id":28345,"href":"https:\/\/www.bankvogue.com\/fr\/wp-json\/wp\/v2\/pages\/28233\/revisions\/28345"}],"wp:attachment":[{"href":"https:\/\/www.bankvogue.com\/fr\/wp-json\/wp\/v2\/media?parent=28233"}],"curies":[{"name":"wp","href":"https:\/\/api.w.org\/{rel}","templated":true}]}}