{"id":28106,"date":"2025-09-01T15:41:44","date_gmt":"2025-09-01T15:41:44","guid":{"rendered":"https:\/\/www.bankvogue.com\/metalware\/"},"modified":"2026-04-06T18:15:59","modified_gmt":"2026-04-06T18:15:59","slug":"metalware","status":"publish","type":"page","link":"https:\/\/www.bankvogue.com\/fr\/nos-produits\/metalware\/","title":{"rendered":"Articles en m\u00e9tal"},"content":{"rendered":"\t\t<div data-elementor-type=\"wp-page\" data-elementor-id=\"28106\" class=\"elementor elementor-28106 elementor-25956\" data-elementor-post-type=\"page\">\n\t\t\t\t\t\t<section class=\"elementor-section elementor-top-section elementor-element elementor-element-32855e92 inner-benner elementor-section-boxed elementor-section-height-default elementor-section-height-default\" data-id=\"32855e92\" data-element_type=\"section\" data-e-type=\"section\" data-settings=\"{&quot;background_background&quot;:&quot;classic&quot;}\">\n\t\t\t\t\t\t\t<div class=\"elementor-background-overlay\"><\/div>\n\t\t\t\t\t\t\t<div class=\"elementor-container elementor-column-gap-default\">\n\t\t\t\t\t<div class=\"elementor-column elementor-col-100 elementor-top-column elementor-element elementor-element-4f35a539\" data-id=\"4f35a539\" data-element_type=\"column\" data-e-type=\"column\">\n\t\t\t<div class=\"elementor-widget-wrap elementor-element-populated\">\n\t\t\t\t\t\t<div class=\"elementor-element elementor-element-525997ce inner-h1 elementor-widget elementor-widget-heading\" data-id=\"525997ce\" data-element_type=\"widget\" data-e-type=\"widget\" data-widget_type=\"heading.default\">\n\t\t\t\t<div class=\"elementor-widget-container\">\n\t\t\t\t\t<h1 class=\"elementor-heading-title elementor-size-default\">Articles en m\u00e9tal  \n\n<\/h1>\t\t\t\t<\/div>\n\t\t\t\t<\/div>\n\t\t\t\t\t<\/div>\n\t\t<\/div>\n\t\t\t\t\t<\/div>\n\t\t<\/section>\n\t\t\t\t<section class=\"elementor-section elementor-top-section elementor-element elementor-element-5a275f32 elementor-section-full_width elementor-section-height-min-height elementor-section-content-middle home_first_slider two-colunmRight lef_img elementor-section-items-top elementor-section-height-default\" data-id=\"5a275f32\" data-element_type=\"section\" data-e-type=\"section\" data-settings=\"{&quot;background_background&quot;:&quot;classic&quot;}\">\n\t\t\t\t\t\t<div class=\"elementor-container elementor-column-gap-no\">\n\t\t\t\t\t<div class=\"elementor-column elementor-col-50 elementor-top-column elementor-element elementor-element-6a157afa supply_used  j-center ptb-50\" data-id=\"6a157afa\" data-element_type=\"column\" data-e-type=\"column\">\n\t\t\t<div class=\"elementor-widget-wrap elementor-element-populated\">\n\t\t\t\t\t\t<section class=\"elementor-section elementor-inner-section elementor-element elementor-element-0a7213b elementor-section-full_width elementor-section-height-default elementor-section-height-default\" data-id=\"0a7213b\" data-element_type=\"section\" data-e-type=\"section\">\n\t\t\t\t\t\t<div class=\"elementor-container elementor-column-gap-no\">\n\t\t\t\t\t<div class=\"elementor-column elementor-col-100 elementor-inner-column elementor-element elementor-element-509cf31\" data-id=\"509cf31\" data-element_type=\"column\" data-e-type=\"column\">\n\t\t\t<div class=\"elementor-widget-wrap elementor-element-populated\">\n\t\t\t\t\t\t<div class=\"elementor-element elementor-element-f57ab35 elementor-widget elementor-widget-heading\" data-id=\"f57ab35\" data-element_type=\"widget\" data-e-type=\"widget\" data-settings=\"{&quot;_animation&quot;:&quot;none&quot;}\" data-widget_type=\"heading.default\">\n\t\t\t\t<div class=\"elementor-widget-container\">\n\t\t\t\t\t<h2 class=\"elementor-heading-title elementor-size-default\">Objets m\u00e9talliques conserv\u00e9s  \n\n<\/h2>\t\t\t\t<\/div>\n\t\t\t\t<\/div>\n\t\t\t\t<div class=\"elementor-element elementor-element-c568c8c elementor-widget elementor-widget-text-editor\" data-id=\"c568c8c\" data-element_type=\"widget\" data-e-type=\"widget\" data-settings=\"{&quot;_animation&quot;:&quot;none&quot;}\" data-widget_type=\"text-editor.default\">\n\t\t\t\t<div class=\"elementor-widget-container\">\n\t\t\t\t\t\t\t\t\t<p>Notre s\u00e9lection soigneusement choisie comprend des articles essentiels en acier, en cuivre, en aluminium, en fer ou en fonte. Cette cat\u00e9gorie contient des articles durables et r\u00e9utilisables tels que des plats \u00e0 gratin, des casseroles, des po\u00eales, des fourchettes, des cuill\u00e8res, des plateaux, des couverts, des assiettes, des bols, des spatules et d&rsquo;autres articles en m\u00e9tal \u00e0 usage domestique. <\/p>\t\t\t\t\t\t\t\t<\/div>\n\t\t\t\t<\/div>\n\t\t\t\t\t<\/div>\n\t\t<\/div>\n\t\t\t\t\t<\/div>\n\t\t<\/section>\n\t\t\t\t<section class=\"elementor-section elementor-inner-section elementor-element elementor-element-f0ee45a elementor-section-full_width pt-70 btn_wraper_new elementor-section-height-default elementor-section-height-default\" data-id=\"f0ee45a\" data-element_type=\"section\" data-e-type=\"section\">\n\t\t\t\t\t\t<div class=\"elementor-container elementor-column-gap-no\">\n\t\t\t\t\t<div class=\"elementor-column elementor-col-100 elementor-inner-column elementor-element elementor-element-eb652fa\" data-id=\"eb652fa\" data-element_type=\"column\" data-e-type=\"column\">\n\t\t\t<div class=\"elementor-widget-wrap elementor-element-populated\">\n\t\t\t\t\t\t<div class=\"elementor-element elementor-element-7c285cc btn_transparant animated-slow elementor-mobile-align-center elementor-invisible elementor-widget elementor-widget-button\" data-id=\"7c285cc\" data-element_type=\"widget\" data-e-type=\"widget\" data-settings=\"{&quot;_animation&quot;:&quot;fadeInLeft&quot;}\" data-widget_type=\"button.default\">\n\t\t\t\t<div class=\"elementor-widget-container\">\n\t\t\t\t\t\t\t\t\t<div class=\"elementor-button-wrapper\">\n\t\t\t\t\t<a class=\"elementor-button elementor-button-link elementor-size-sm\" href=\"\/contact\">\n\t\t\t\t\t\t<span class=\"elementor-button-content-wrapper\">\n\t\t\t\t\t\t\t\t\t<span class=\"elementor-button-text\">Contactez nous<\/span>\n\t\t\t\t\t<\/span>\n\t\t\t\t\t<\/a>\n\t\t\t\t<\/div>\n\t\t\t\t\t\t\t\t<\/div>\n\t\t\t\t<\/div>\n\t\t\t\t\t<\/div>\n\t\t<\/div>\n\t\t\t\t\t<\/div>\n\t\t<\/section>\n\t\t\t\t\t<\/div>\n\t\t<\/div>\n\t\t\t\t<div class=\"elementor-column elementor-col-50 elementor-top-column elementor-element elementor-element-439905de\" data-id=\"439905de\" data-element_type=\"column\" data-e-type=\"column\">\n\t\t\t<div class=\"elementor-widget-wrap elementor-element-populated\">\n\t\t\t\t\t\t<div class=\"elementor-element elementor-element-4142a84e animated-slow elementor-widget elementor-widget-image\" data-id=\"4142a84e\" data-element_type=\"widget\" data-e-type=\"widget\" data-settings=\"{&quot;_animation&quot;:&quot;none&quot;}\" data-widget_type=\"image.default\">\n\t\t\t\t<div class=\"elementor-widget-container\">\n\t\t\t\t\t\t\t\t\t\t\t\t\t\t\t<img fetchpriority=\"high\" decoding=\"async\" width=\"1328\" height=\"747\" src=\"https:\/\/www.bankvogue.com\/wp-content\/uploads\/2025\/09\/Pots-pans-2.jpeg\" class=\"attachment-full size-full wp-image-28113\" alt=\"\" srcset=\"https:\/\/www.bankvogue.com\/wp-content\/uploads\/2025\/09\/Pots-pans-2.jpeg 1328w, https:\/\/www.bankvogue.com\/wp-content\/uploads\/2025\/09\/Pots-pans-2-300x169.jpeg 300w, https:\/\/www.bankvogue.com\/wp-content\/uploads\/2025\/09\/Pots-pans-2-1024x576.jpeg 1024w, https:\/\/www.bankvogue.com\/wp-content\/uploads\/2025\/09\/Pots-pans-2-768x432.jpeg 768w\" sizes=\"(max-width: 1328px) 100vw, 1328px\" \/>\t\t\t\t\t\t\t\t\t\t\t\t\t\t\t<\/div>\n\t\t\t\t<\/div>\n\t\t\t\t\t<\/div>\n\t\t<\/div>\n\t\t\t\t\t<\/div>\n\t\t<\/section>\n\t\t<div class=\"elementor-element elementor-element-3d029cd e-flex e-con-boxed e-con e-child\" data-id=\"3d029cd\" data-element_type=\"container\" data-e-type=\"container\">\n\t\t\t\t\t<div class=\"e-con-inner\">\n\t\t<div class=\"elementor-element elementor-element-cd86984 e-con-full e-flex e-con e-child\" data-id=\"cd86984\" data-element_type=\"container\" data-e-type=\"container\" data-settings=\"{&quot;background_background&quot;:&quot;classic&quot;}\">\n\t\t\t\t<div class=\"elementor-element elementor-element-1fa22fd elementor-widget elementor-widget-heading\" data-id=\"1fa22fd\" data-element_type=\"widget\" data-e-type=\"widget\" data-widget_type=\"heading.default\">\n\t\t\t\t<div class=\"elementor-widget-container\">\n\t\t\t\t\t<h1 class=\"elementor-heading-title elementor-size-default\">Vente en gros d'articles m\u00e9talliques usag\u00e9s\n\n<\/h1>\t\t\t\t<\/div>\n\t\t\t\t<\/div>\n\t\t\t\t<div class=\"elementor-element elementor-element-c65690f elementor-widget elementor-widget-text-editor\" data-id=\"c65690f\" data-element_type=\"widget\" data-e-type=\"widget\" data-widget_type=\"text-editor.default\">\n\t\t\t\t<div class=\"elementor-widget-container\">\n\t\t\t\t\t\t\t\t\t<p>Nous disposons de solides relations internationales qui nous permettent de nous approvisionner en articles m\u00e9talliques \u00e0 partir des stocks des magasins d&rsquo;occasion. Les exp\u00e9ditions sont disponibles en gaylords et en capsacks, pouvant atteindre 25 000 livres dans un conteneur cubique de 40 pieds de haut. <\/p>\t\t\t\t\t\t\t\t<\/div>\n\t\t\t\t<\/div>\n\t\t\t\t<\/div>\n\t\t<div class=\"elementor-element elementor-element-8bad0cb e-con-full e-flex e-con e-child\" data-id=\"8bad0cb\" data-element_type=\"container\" data-e-type=\"container\">\n\t\t<div class=\"elementor-element elementor-element-7ad99bd e-con-full e-flex e-con e-child\" data-id=\"7ad99bd\" data-element_type=\"container\" data-e-type=\"container\" data-settings=\"{&quot;background_background&quot;:&quot;classic&quot;}\">\n\t\t\t\t<div class=\"elementor-element elementor-element-aeb004c elementor-widget elementor-widget-text-editor\" data-id=\"aeb004c\" data-element_type=\"widget\" data-e-type=\"widget\" data-widget_type=\"text-editor.default\">\n\t\t\t\t<div class=\"elementor-widget-container\">\n\t\t\t\t\t\t\t\t\tNous travaillons en partenariat avec des vendeurs qui se concentrent sur ces produits pour le march\u00e9 de l&rsquo;exportation et nous sommes toujours d\u00e9sireux d&rsquo;entrer en contact avec d&rsquo;autres vendeurs afin d&rsquo;\u00e9largir notre offre.\n\t\t\t\t\t\t\t\t<\/div>\n\t\t\t\t<\/div>\n\t\t\t\t<div class=\"elementor-element elementor-element-d6d29bc elementor-mobile-align-center elementor-widget elementor-widget-button\" data-id=\"d6d29bc\" data-element_type=\"widget\" data-e-type=\"widget\" data-widget_type=\"button.default\">\n\t\t\t\t<div class=\"elementor-widget-container\">\n\t\t\t\t\t\t\t\t\t<div class=\"elementor-button-wrapper\">\n\t\t\t\t\t<a class=\"elementor-button elementor-button-link elementor-size-sm\" href=\"https:\/\/www.bankvogue.com\/fr\/contact-us\/\">\n\t\t\t\t\t\t<span class=\"elementor-button-content-wrapper\">\n\t\t\t\t\t\t\t\t\t<span class=\"elementor-button-text\">Contactez nous<\/span>\n\t\t\t\t\t<\/span>\n\t\t\t\t\t<\/a>\n\t\t\t\t<\/div>\n\t\t\t\t\t\t\t\t<\/div>\n\t\t\t\t<\/div>\n\t\t\t\t<\/div>\n\t\t\t\t<\/div>\n\t\t\t\t\t<\/div>\n\t\t\t\t<\/div>\n\t\t<div class=\"elementor-element elementor-element-31f1f8a e-flex e-con-boxed e-con e-parent\" data-id=\"31f1f8a\" data-element_type=\"container\" data-e-type=\"container\" data-settings=\"{&quot;background_background&quot;:&quot;classic&quot;}\">\n\t\t\t\t\t<div class=\"e-con-inner\">\n\t\t<div class=\"elementor-element elementor-element-3592102 e-con-full e-flex e-con e-child\" data-id=\"3592102\" data-element_type=\"container\" data-e-type=\"container\">\n\t\t<div class=\"elementor-element elementor-element-165231c e-con-full e-flex e-con e-child\" data-id=\"165231c\" data-element_type=\"container\" data-e-type=\"container\">\n\t\t\t\t<div class=\"elementor-element elementor-element-a00be4e elementor-widget__width-auto elementor-widget elementor-widget-heading\" data-id=\"a00be4e\" data-element_type=\"widget\" data-e-type=\"widget\" data-widget_type=\"heading.default\">\n\t\t\t\t<div class=\"elementor-widget-container\">\n\t\t\t\t\t<h2 class=\"elementor-heading-title elementor-size-default\">Achetez r\u00e9guli\u00e8rement des articles en m\u00e9tal\n\n<\/h2>\t\t\t\t<\/div>\n\t\t\t\t<\/div>\n\t\t\t\t<\/div>\n\t\t\t\t<\/div>\n\t\t\t\t<div class=\"elementor-element elementor-element-ad3d116 elementor-widget elementor-widget-text-editor\" data-id=\"ad3d116\" data-element_type=\"widget\" data-e-type=\"widget\" data-settings=\"{&quot;_animation&quot;:&quot;none&quot;}\" data-widget_type=\"text-editor.default\">\n\t\t\t\t<div class=\"elementor-widget-container\">\n\t\t\t\t\t\t\t\t\t<p>La m\u00e9tallurgie est une marchandise tr\u00e8s demand\u00e9e et peu disponible sur le march\u00e9 secondaire, et nous sommes fiers d&rsquo;offrir des chargements r\u00e9guliers et fiables \u00e0 nos acheteurs du monde entier.<\/p><p>Nos envois ne comprennent que d&rsquo;authentiques articles de cuisine en m\u00e9tal, tels que des casseroles, des po\u00eales, des couverts et des ustensiles de boulangerie. Pour pr\u00e9server l&rsquo;int\u00e9grit\u00e9 du produit, nous excluons strictement les produits non m\u00e9talliques, tels que les cintres, les jouets en m\u00e9tal, les appareils \u00e9lectriques et les tringles \u00e0 rideaux. <\/p>\t\t\t\t\t\t\t\t<\/div>\n\t\t\t\t<\/div>\n\t\t\t\t\t<\/div>\n\t\t\t\t<\/div>\n\t\t\t\t<section class=\"elementor-section elementor-top-section elementor-element elementor-element-25f14ff inner-benner elementor-section-boxed elementor-section-height-default elementor-section-height-default\" data-id=\"25f14ff\" data-element_type=\"section\" data-e-type=\"section\" data-settings=\"{&quot;background_background&quot;:&quot;classic&quot;}\">\n\t\t\t\t\t\t<div class=\"elementor-container elementor-column-gap-default\">\n\t\t\t\t\t<div class=\"elementor-column elementor-col-100 elementor-top-column elementor-element elementor-element-ac64aeb\" data-id=\"ac64aeb\" data-element_type=\"column\" data-e-type=\"column\">\n\t\t\t<div class=\"elementor-widget-wrap elementor-element-populated\">\n\t\t\t\t\t\t<div class=\"elementor-element elementor-element-aac0024 inner-h1 elementor-widget elementor-widget-heading\" data-id=\"aac0024\" data-element_type=\"widget\" data-e-type=\"widget\" data-widget_type=\"heading.default\">\n\t\t\t\t<div class=\"elementor-widget-container\">\n\t\t\t\t\t<h2 class=\"elementor-heading-title elementor-size-default\">Des solutions innovantes pour lutter contre la crise du superflu<\/h2>\t\t\t\t<\/div>\n\t\t\t\t<\/div>\n\t\t\t\t<div class=\"elementor-element elementor-element-df551d6 elementor-widget elementor-widget-text-editor\" data-id=\"df551d6\" data-element_type=\"widget\" data-e-type=\"widget\" data-widget_type=\"text-editor.default\">\n\t\t\t\t<div class=\"elementor-widget-container\">\n\t\t\t\t\t\t\t\t\tRejoignez-nous dans notre mission de r\u00e9duction des d\u00e9chets et de promotion de l&rsquo;\u00e9conomie circulaire.\n\n\t\t\t\t\t\t\t\t<\/div>\n\t\t\t\t<\/div>\n\t\t\t\t<div class=\"elementor-element elementor-element-5f48b62 btn_transparant animated-slow elementor-align-center elementor-invisible elementor-widget elementor-widget-button\" data-id=\"5f48b62\" data-element_type=\"widget\" data-e-type=\"widget\" data-settings=\"{&quot;_animation&quot;:&quot;fadeInRight&quot;}\" data-widget_type=\"button.default\">\n\t\t\t\t<div class=\"elementor-widget-container\">\n\t\t\t\t\t\t\t\t\t<div class=\"elementor-button-wrapper\">\n\t\t\t\t\t<a class=\"elementor-button elementor-button-link elementor-size-sm\" href=\"\/contact\">\n\t\t\t\t\t\t<span class=\"elementor-button-content-wrapper\">\n\t\t\t\t\t\t\t\t\t<span class=\"elementor-button-text\">Contactez nous<\/span>\n\t\t\t\t\t<\/span>\n\t\t\t\t\t<\/a>\n\t\t\t\t<\/div>\n\t\t\t\t\t\t\t\t<\/div>\n\t\t\t\t<\/div>\n\t\t\t\t\t<\/div>\n\t\t<\/div>\n\t\t\t\t\t<\/div>\n\t\t<\/section>\n\t\t\t\t<\/div>\n\t\t","protected":false},"excerpt":{"rendered":"<p>Articles en m\u00e9tal Objets m\u00e9talliques conserv\u00e9s Notre s\u00e9lection soigneusement choisie comprend des articles essentiels en acier, en cuivre, en aluminium, en fer ou en fonte. Cette cat\u00e9gorie contient des articles durables et r\u00e9utilisables tels que des plats \u00e0 gratin, des casseroles, des po\u00eales, des fourchettes, des cuill\u00e8res, des plateaux, des couverts, des assiettes, des bols, [&hellip;]<\/p>\n","protected":false},"author":12,"featured_media":0,"parent":28233,"menu_order":0,"comment_status":"closed","ping_status":"closed","template":"elementor_header_footer","meta":{"site-sidebar-layout":"no-sidebar","site-content-layout":"","ast-site-content-layout":"full-width-container","site-content-style":"boxed","site-sidebar-style":"default","ast-global-header-display":"","ast-banner-title-visibility":"","ast-main-header-display":"","ast-hfb-above-header-display":"","ast-hfb-below-header-display":"","ast-hfb-mobile-header-display":"","site-post-title":"","ast-breadcrumbs-content":"","ast-featured-img":"","footer-sml-layout":"","theme-transparent-header-meta":"default","adv-header-id-meta":"","stick-header-meta":"","header-above-stick-meta":"","header-main-stick-meta":"","header-below-stick-meta":"","astra-migrate-meta-layouts":"set","ast-page-background-enabled":"default","ast-page-background-meta":{"desktop":{"background-color":"","background-image":"","background-repeat":"repeat","background-position":"center center","background-size":"auto","background-attachment":"scroll","background-type":"","background-media":"","overlay-type":"","overlay-color":"","overlay-opacity":"","overlay-gradient":""},"tablet":{"background-color":"","background-image":"","background-repeat":"repeat","background-position":"center center","background-size":"auto","background-attachment":"scroll","background-type":"","background-media":"","overlay-type":"","overlay-color":"","overlay-opacity":"","overlay-gradient":""},"mobile":{"background-color":"","background-image":"","background-repeat":"repeat","background-position":"center center","background-size":"auto","background-attachment":"scroll","background-type":"","background-media":"","overlay-type":"","overlay-color":"","overlay-opacity":"","overlay-gradient":""}},"ast-content-background-meta":{"desktop":{"background-color":"var(--ast-global-color-5)","background-image":"","background-repeat":"repeat","background-position":"center center","background-size":"auto","background-attachment":"scroll","background-type":"","background-media":"","overlay-type":"","overlay-color":"","overlay-opacity":"","overlay-gradient":""},"tablet":{"background-color":"var(--ast-global-color-5)","background-image":"","background-repeat":"repeat","background-position":"center center","background-size":"auto","background-attachment":"scroll","background-type":"","background-media":"","overlay-type":"","overlay-color":"","overlay-opacity":"","overlay-gradient":""},"mobile":{"background-color":"var(--ast-global-color-5)","background-image":"","background-repeat":"repeat","background-position":"center center","background-size":"auto","background-attachment":"scroll","background-type":"","background-media":"","overlay-type":"","overlay-color":"","overlay-opacity":"","overlay-gradient":""}},"footnotes":""},"class_list":["post-28106","page","type-page","status-publish","hentry"],"yoast_head":"<!-- This site is optimized with the Yoast SEO plugin v25.4 - https:\/\/yoast.com\/wordpress\/plugins\/seo\/ -->\n<title>Articles en M\u00e9tal Usag\u00e9s en Gros | Bank &amp; Vogue<\/title>\n<meta name=\"description\" content=\"Fournisseur en articles m\u00e9talliques d&#039;occasion : casseroles, po\u00eales, couverts, ustensiles de cuisine. Produit rare et tr\u00e8s demand\u00e9 sur le march\u00e9 secondaire.\" \/>\n<meta name=\"robots\" content=\"index, follow, max-snippet:-1, max-image-preview:large, max-video-preview:-1\" \/>\n<link rel=\"canonical\" href=\"https:\/\/www.bankvogue.com\/fr\/nos-produits\/metalware\/\" \/>\n<meta property=\"og:locale\" content=\"fr_FR\" \/>\n<meta property=\"og:type\" content=\"article\" \/>\n<meta property=\"og:title\" content=\"Articles en M\u00e9tal Usag\u00e9s en Gros | Bank &amp; Vogue\" \/>\n<meta property=\"og:description\" content=\"Fournisseur en articles m\u00e9talliques d&#039;occasion : casseroles, po\u00eales, couverts, ustensiles de cuisine. Produit rare et tr\u00e8s demand\u00e9 sur le march\u00e9 secondaire.\" \/>\n<meta property=\"og:url\" content=\"https:\/\/www.bankvogue.com\/fr\/nos-produits\/metalware\/\" \/>\n<meta property=\"og:site_name\" content=\"Bank &amp; Vogue\" \/>\n<meta property=\"article:publisher\" content=\"https:\/\/www.facebook.com\/login\/\" \/>\n<meta property=\"article:modified_time\" content=\"2026-04-06T18:15:59+00:00\" \/>\n<meta property=\"og:image\" content=\"https:\/\/www.bankvogue.com\/wp-content\/uploads\/2025\/09\/Pots-pans-2.jpeg\" \/>\n<meta name=\"twitter:card\" content=\"summary_large_image\" \/>\n<meta name=\"twitter:site\" content=\"@login\" \/>\n<meta name=\"twitter:label1\" content=\"Dur\u00e9e de lecture estim\u00e9e\" \/>\n\t<meta name=\"twitter:data1\" content=\"2 minutes\" \/>\n<!-- \/ Yoast SEO plugin. -->","yoast_head_json":{"title":"Articles en M\u00e9tal Usag\u00e9s en Gros | Bank & Vogue","description":"Fournisseur en articles m\u00e9talliques d'occasion : casseroles, po\u00eales, couverts, ustensiles de cuisine. Produit rare et tr\u00e8s demand\u00e9 sur le march\u00e9 secondaire.","robots":{"index":"index","follow":"follow","max-snippet":"max-snippet:-1","max-image-preview":"max-image-preview:large","max-video-preview":"max-video-preview:-1"},"canonical":"https:\/\/www.bankvogue.com\/fr\/nos-produits\/metalware\/","og_locale":"fr_FR","og_type":"article","og_title":"Articles en M\u00e9tal Usag\u00e9s en Gros | Bank & Vogue","og_description":"Fournisseur en articles m\u00e9talliques d'occasion : casseroles, po\u00eales, couverts, ustensiles de cuisine. Produit rare et tr\u00e8s demand\u00e9 sur le march\u00e9 secondaire.","og_url":"https:\/\/www.bankvogue.com\/fr\/nos-produits\/metalware\/","og_site_name":"Bank &amp; Vogue","article_publisher":"https:\/\/www.facebook.com\/login\/","article_modified_time":"2026-04-06T18:15:59+00:00","og_image":[{"url":"https:\/\/www.bankvogue.com\/wp-content\/uploads\/2025\/09\/Pots-pans-2.jpeg","type":"","width":"","height":""}],"twitter_card":"summary_large_image","twitter_site":"@login","twitter_misc":{"Dur\u00e9e de lecture estim\u00e9e":"2 minutes"},"schema":{"@context":"https:\/\/schema.org","@graph":[{"@type":"WebPage","@id":"https:\/\/www.bankvogue.com\/fr\/nos-produits\/metalware\/","url":"https:\/\/www.bankvogue.com\/fr\/nos-produits\/metalware\/","name":"Articles en M\u00e9tal Usag\u00e9s en Gros | Bank & Vogue","isPartOf":{"@id":"https:\/\/www.bankvogue.com\/fr\/#website"},"primaryImageOfPage":{"@id":"https:\/\/www.bankvogue.com\/fr\/nos-produits\/metalware\/#primaryimage"},"image":{"@id":"https:\/\/www.bankvogue.com\/fr\/nos-produits\/metalware\/#primaryimage"},"thumbnailUrl":"https:\/\/www.bankvogue.com\/wp-content\/uploads\/2025\/09\/Pots-pans-2.jpeg","datePublished":"2025-09-01T15:41:44+00:00","dateModified":"2026-04-06T18:15:59+00:00","description":"Fournisseur en articles m\u00e9talliques d'occasion : casseroles, po\u00eales, couverts, ustensiles de cuisine. Produit rare et tr\u00e8s demand\u00e9 sur le march\u00e9 secondaire.","breadcrumb":{"@id":"https:\/\/www.bankvogue.com\/fr\/nos-produits\/metalware\/#breadcrumb"},"inLanguage":"fr-FR","potentialAction":[{"@type":"ReadAction","target":["https:\/\/www.bankvogue.com\/fr\/nos-produits\/metalware\/"]}]},{"@type":"ImageObject","inLanguage":"fr-FR","@id":"https:\/\/www.bankvogue.com\/fr\/nos-produits\/metalware\/#primaryimage","url":"https:\/\/www.bankvogue.com\/wp-content\/uploads\/2025\/09\/Pots-pans-2.jpeg","contentUrl":"https:\/\/www.bankvogue.com\/wp-content\/uploads\/2025\/09\/Pots-pans-2.jpeg"},{"@type":"BreadcrumbList","@id":"https:\/\/www.bankvogue.com\/fr\/nos-produits\/metalware\/#breadcrumb","itemListElement":[{"@type":"ListItem","position":1,"name":"Home","item":"https:\/\/www.bankvogue.com\/fr\/"},{"@type":"ListItem","position":2,"name":"Nos produits","item":"https:\/\/www.bankvogue.com\/fr\/our-products\/"},{"@type":"ListItem","position":3,"name":"Articles en m\u00e9tal"}]},{"@type":"WebSite","@id":"https:\/\/www.bankvogue.com\/fr\/#website","url":"https:\/\/www.bankvogue.com\/fr\/","name":"Bank &amp; Vogue","description":"LTD\/LTEE","publisher":{"@id":"https:\/\/www.bankvogue.com\/fr\/#organization"},"alternateName":"B&V","potentialAction":[{"@type":"SearchAction","target":{"@type":"EntryPoint","urlTemplate":"https:\/\/www.bankvogue.com\/fr\/?s={search_term_string}"},"query-input":{"@type":"PropertyValueSpecification","valueRequired":true,"valueName":"search_term_string"}}],"inLanguage":"fr-FR"},{"@type":"Organization","@id":"https:\/\/www.bankvogue.com\/fr\/#organization","name":"Bank &amp; Vogue","url":"https:\/\/www.bankvogue.com\/fr\/","logo":{"@type":"ImageObject","inLanguage":"fr-FR","@id":"https:\/\/www.bankvogue.com\/fr\/#\/schema\/logo\/image\/","url":"https:\/\/www.bankvogue.com\/wp-content\/uploads\/2022\/08\/reverse-2.png","contentUrl":"https:\/\/www.bankvogue.com\/wp-content\/uploads\/2022\/08\/reverse-2.png","width":251,"height":210,"caption":"Bank &amp; Vogue"},"image":{"@id":"https:\/\/www.bankvogue.com\/fr\/#\/schema\/logo\/image\/"},"sameAs":["https:\/\/www.facebook.com\/login\/","https:\/\/x.com\/login"]}]}},"blog_post_layout_featured_media_urls":{"thumbnail":"","full":""},"categories_names":null,"comments_number":"0","_links":{"self":[{"href":"https:\/\/www.bankvogue.com\/fr\/wp-json\/wp\/v2\/pages\/28106","targetHints":{"allow":["GET"]}}],"collection":[{"href":"https:\/\/www.bankvogue.com\/fr\/wp-json\/wp\/v2\/pages"}],"about":[{"href":"https:\/\/www.bankvogue.com\/fr\/wp-json\/wp\/v2\/types\/page"}],"author":[{"embeddable":true,"href":"https:\/\/www.bankvogue.com\/fr\/wp-json\/wp\/v2\/users\/12"}],"replies":[{"embeddable":true,"href":"https:\/\/www.bankvogue.com\/fr\/wp-json\/wp\/v2\/comments?post=28106"}],"version-history":[{"count":8,"href":"https:\/\/www.bankvogue.com\/fr\/wp-json\/wp\/v2\/pages\/28106\/revisions"}],"predecessor-version":[{"id":29408,"href":"https:\/\/www.bankvogue.com\/fr\/wp-json\/wp\/v2\/pages\/28106\/revisions\/29408"}],"up":[{"embeddable":true,"href":"https:\/\/www.bankvogue.com\/fr\/wp-json\/wp\/v2\/pages\/28233"}],"wp:attachment":[{"href":"https:\/\/www.bankvogue.com\/fr\/wp-json\/wp\/v2\/media?parent=28106"}],"curies":[{"name":"wp","href":"https:\/\/api.w.org\/{rel}","templated":true}]}}