{"id":26684,"date":"2025-08-31T17:37:39","date_gmt":"2025-08-31T17:37:39","guid":{"rendered":"https:\/\/bankvogue.com\/ropa-de-cama\/"},"modified":"2026-02-13T19:21:07","modified_gmt":"2026-02-13T19:21:07","slug":"ropa-de-cama","status":"publish","type":"page","link":"https:\/\/www.bankvogue.com\/es\/nuestros-productos\/ropa-de-cama\/","title":{"rendered":"Ropa de cama"},"content":{"rendered":"\t\t<div data-elementor-type=\"wp-page\" data-elementor-id=\"26684\" class=\"elementor elementor-26684 elementor-25916\" data-elementor-post-type=\"page\">\n\t\t\t\t\t\t<section class=\"elementor-section elementor-top-section elementor-element elementor-element-32855e92 inner-benner elementor-section-boxed elementor-section-height-default elementor-section-height-default\" data-id=\"32855e92\" data-element_type=\"section\" data-e-type=\"section\" data-settings=\"{&quot;background_background&quot;:&quot;classic&quot;}\">\n\t\t\t\t\t\t\t<div class=\"elementor-background-overlay\"><\/div>\n\t\t\t\t\t\t\t<div class=\"elementor-container elementor-column-gap-default\">\n\t\t\t\t\t<div class=\"elementor-column elementor-col-100 elementor-top-column elementor-element elementor-element-4f35a539\" data-id=\"4f35a539\" data-element_type=\"column\" data-e-type=\"column\">\n\t\t\t<div class=\"elementor-widget-wrap elementor-element-populated\">\n\t\t\t\t\t\t<div class=\"elementor-element elementor-element-525997ce inner-h1 elementor-widget elementor-widget-heading\" data-id=\"525997ce\" data-element_type=\"widget\" data-e-type=\"widget\" data-widget_type=\"heading.default\">\n\t\t\t\t<div class=\"elementor-widget-container\">\n\t\t\t\t\t<h1 class=\"elementor-heading-title elementor-size-default\">Ropa de cama  \n\n<\/h1>\t\t\t\t<\/div>\n\t\t\t\t<\/div>\n\t\t\t\t\t<\/div>\n\t\t<\/div>\n\t\t\t\t\t<\/div>\n\t\t<\/section>\n\t\t\t\t<section class=\"elementor-section elementor-top-section elementor-element elementor-element-5a275f32 elementor-section-full_width elementor-section-height-min-height elementor-section-content-middle home_first_slider two-colunmRight lef_img elementor-section-items-top elementor-section-height-default\" data-id=\"5a275f32\" data-element_type=\"section\" data-e-type=\"section\" data-settings=\"{&quot;background_background&quot;:&quot;classic&quot;}\">\n\t\t\t\t\t\t<div class=\"elementor-container elementor-column-gap-no\">\n\t\t\t\t\t<div class=\"elementor-column elementor-col-50 elementor-top-column elementor-element elementor-element-6a157afa supply_used  j-center ptb-50\" data-id=\"6a157afa\" data-element_type=\"column\" data-e-type=\"column\">\n\t\t\t<div class=\"elementor-widget-wrap elementor-element-populated\">\n\t\t\t\t\t\t<section class=\"elementor-section elementor-inner-section elementor-element elementor-element-0a7213b elementor-section-full_width elementor-section-height-default elementor-section-height-default\" data-id=\"0a7213b\" data-element_type=\"section\" data-e-type=\"section\">\n\t\t\t\t\t\t<div class=\"elementor-container elementor-column-gap-no\">\n\t\t\t\t\t<div class=\"elementor-column elementor-col-100 elementor-inner-column elementor-element elementor-element-509cf31\" data-id=\"509cf31\" data-element_type=\"column\" data-e-type=\"column\">\n\t\t\t<div class=\"elementor-widget-wrap elementor-element-populated\">\n\t\t\t\t\t\t<div class=\"elementor-element elementor-element-f57ab35 elementor-widget elementor-widget-heading\" data-id=\"f57ab35\" data-element_type=\"widget\" data-e-type=\"widget\" data-settings=\"{&quot;_animation&quot;:&quot;none&quot;}\" data-widget_type=\"heading.default\">\n\t\t\t\t<div class=\"elementor-widget-container\">\n\t\t\t\t\t<h2 class=\"elementor-heading-title elementor-size-default\">Ropa de cama de calidad al por mayor, entregada con cuidado\n\n<\/h2>\t\t\t\t<\/div>\n\t\t\t\t<\/div>\n\t\t\t\t<div class=\"elementor-element elementor-element-c568c8c elementor-widget elementor-widget-text-editor\" data-id=\"c568c8c\" data-element_type=\"widget\" data-e-type=\"widget\" data-settings=\"{&quot;_animation&quot;:&quot;none&quot;}\" data-widget_type=\"text-editor.default\">\n\t\t\t\t<div class=\"elementor-widget-container\">\n\t\t\t\t\t\t\t\t\t<p>Nuestra categor\u00eda de ropa de cama incluye art\u00edculos de alta calidad cuidadosamente clasificados, como s\u00e1banas, mantas, fundas de almohada, toallas, manteles y cortinas.<\/p>\t\t\t\t\t\t\t\t<\/div>\n\t\t\t\t<\/div>\n\t\t\t\t\t<\/div>\n\t\t<\/div>\n\t\t\t\t\t<\/div>\n\t\t<\/section>\n\t\t\t\t<section class=\"elementor-section elementor-inner-section elementor-element elementor-element-f0ee45a elementor-section-full_width pt-70 btn_wraper_new elementor-section-height-default elementor-section-height-default\" data-id=\"f0ee45a\" data-element_type=\"section\" data-e-type=\"section\">\n\t\t\t\t\t\t<div class=\"elementor-container elementor-column-gap-no\">\n\t\t\t\t\t<div class=\"elementor-column elementor-col-100 elementor-inner-column elementor-element elementor-element-eb652fa\" data-id=\"eb652fa\" data-element_type=\"column\" data-e-type=\"column\">\n\t\t\t<div class=\"elementor-widget-wrap elementor-element-populated\">\n\t\t\t\t\t\t<div class=\"elementor-element elementor-element-7c285cc btn_transparant animated-slow elementor-mobile-align-center elementor-invisible elementor-widget elementor-widget-button\" data-id=\"7c285cc\" data-element_type=\"widget\" data-e-type=\"widget\" data-settings=\"{&quot;_animation&quot;:&quot;fadeInLeft&quot;}\" data-widget_type=\"button.default\">\n\t\t\t\t<div class=\"elementor-widget-container\">\n\t\t\t\t\t\t\t\t\t<div class=\"elementor-button-wrapper\">\n\t\t\t\t\t<a class=\"elementor-button elementor-button-link elementor-size-sm\" href=\"\/contact\">\n\t\t\t\t\t\t<span class=\"elementor-button-content-wrapper\">\n\t\t\t\t\t\t\t\t\t<span class=\"elementor-button-text\">Cont\u00e1ctanos<\/span>\n\t\t\t\t\t<\/span>\n\t\t\t\t\t<\/a>\n\t\t\t\t<\/div>\n\t\t\t\t\t\t\t\t<\/div>\n\t\t\t\t<\/div>\n\t\t\t\t\t<\/div>\n\t\t<\/div>\n\t\t\t\t\t<\/div>\n\t\t<\/section>\n\t\t\t\t\t<\/div>\n\t\t<\/div>\n\t\t\t\t<div class=\"elementor-column elementor-col-50 elementor-top-column elementor-element elementor-element-439905de\" data-id=\"439905de\" data-element_type=\"column\" data-e-type=\"column\">\n\t\t\t<div class=\"elementor-widget-wrap elementor-element-populated\">\n\t\t\t\t\t\t<div class=\"elementor-element elementor-element-4142a84e animated-slow elementor-widget elementor-widget-image\" data-id=\"4142a84e\" data-element_type=\"widget\" data-e-type=\"widget\" data-settings=\"{&quot;_animation&quot;:&quot;none&quot;}\" data-widget_type=\"image.default\">\n\t\t\t\t<div class=\"elementor-widget-container\">\n\t\t\t\t\t\t\t\t\t\t\t\t\t\t\t<img fetchpriority=\"high\" decoding=\"async\" width=\"600\" height=\"800\" src=\"https:\/\/www.bankvogue.com\/wp-content\/uploads\/2025\/09\/Linen1.jpg\" class=\"attachment-full size-full wp-image-26545\" alt=\"\" srcset=\"https:\/\/www.bankvogue.com\/wp-content\/uploads\/2025\/09\/Linen1.jpg 600w, https:\/\/www.bankvogue.com\/wp-content\/uploads\/2025\/09\/Linen1-225x300.jpg 225w\" sizes=\"(max-width: 600px) 100vw, 600px\" \/>\t\t\t\t\t\t\t\t\t\t\t\t\t\t\t<\/div>\n\t\t\t\t<\/div>\n\t\t\t\t\t<\/div>\n\t\t<\/div>\n\t\t\t\t\t<\/div>\n\t\t<\/section>\n\t\t<div class=\"elementor-element elementor-element-3d029cd e-flex e-con-boxed e-con e-child\" data-id=\"3d029cd\" data-element_type=\"container\" data-e-type=\"container\">\n\t\t\t\t\t<div class=\"e-con-inner\">\n\t\t<div class=\"elementor-element elementor-element-cd86984 e-con-full e-flex e-con e-child\" data-id=\"cd86984\" data-element_type=\"container\" data-e-type=\"container\" data-settings=\"{&quot;background_background&quot;:&quot;classic&quot;}\">\n\t\t\t\t<div class=\"elementor-element elementor-element-1fa22fd elementor-widget elementor-widget-heading\" data-id=\"1fa22fd\" data-element_type=\"widget\" data-e-type=\"widget\" data-widget_type=\"heading.default\">\n\t\t\t\t<div class=\"elementor-widget-container\">\n\t\t\t\t\t<h1 class=\"elementor-heading-title elementor-size-default\">Ropa de cama al por mayor de alta calidad, lista para sus estanter\u00edas\n\n<\/h1>\t\t\t\t<\/div>\n\t\t\t\t<\/div>\n\t\t\t\t<div class=\"elementor-element elementor-element-c65690f elementor-widget elementor-widget-text-editor\" data-id=\"c65690f\" data-element_type=\"widget\" data-e-type=\"widget\" data-widget_type=\"text-editor.default\">\n\t\t\t\t<div class=\"elementor-widget-container\">\n\t\t\t\t\t\t\t\t\t<p>Nuestra ropa de cama se clasifica cuidadosamente, se controla la calidad y se empaqueta en balas. Para garantizar la consistencia y el valor, retiramos los art\u00edculos da\u00f1ados, los edredones pesados, los faldones de cama y las almohadas durante el proceso de clasificaci\u00f3n. <\/p>\t\t\t\t\t\t\t\t<\/div>\n\t\t\t\t<\/div>\n\t\t\t\t<\/div>\n\t\t<div class=\"elementor-element elementor-element-8bad0cb e-con-full e-flex e-con e-child\" data-id=\"8bad0cb\" data-element_type=\"container\" data-e-type=\"container\">\n\t\t<div class=\"elementor-element elementor-element-7ad99bd e-con-full e-flex e-con e-child\" data-id=\"7ad99bd\" data-element_type=\"container\" data-e-type=\"container\" data-settings=\"{&quot;background_background&quot;:&quot;classic&quot;}\">\n\t\t\t\t<div class=\"elementor-element elementor-element-aeb004c elementor-widget elementor-widget-text-editor\" data-id=\"aeb004c\" data-element_type=\"widget\" data-e-type=\"widget\" data-widget_type=\"text-editor.default\">\n\t\t\t\t<div class=\"elementor-widget-container\">\n\t\t\t\t\t\t\t\t\t<p>Abast\u00e9cete de este art\u00edculo esencial para el hogar y ofrece a tus clientes una gran relaci\u00f3n calidad-precio.<\/p>\t\t\t\t\t\t\t\t<\/div>\n\t\t\t\t<\/div>\n\t\t\t\t<div class=\"elementor-element elementor-element-d6d29bc elementor-mobile-align-center elementor-widget elementor-widget-button\" data-id=\"d6d29bc\" data-element_type=\"widget\" data-e-type=\"widget\" data-widget_type=\"button.default\">\n\t\t\t\t<div class=\"elementor-widget-container\">\n\t\t\t\t\t\t\t\t\t<div class=\"elementor-button-wrapper\">\n\t\t\t\t\t<a class=\"elementor-button elementor-button-link elementor-size-sm\" href=\"\/contact-us\">\n\t\t\t\t\t\t<span class=\"elementor-button-content-wrapper\">\n\t\t\t\t\t\t\t\t\t<span class=\"elementor-button-text\">Cont\u00e1ctanos<\/span>\n\t\t\t\t\t<\/span>\n\t\t\t\t\t<\/a>\n\t\t\t\t<\/div>\n\t\t\t\t\t\t\t\t<\/div>\n\t\t\t\t<\/div>\n\t\t\t\t<\/div>\n\t\t\t\t<\/div>\n\t\t\t\t\t<\/div>\n\t\t\t\t<\/div>\n\t\t<div class=\"elementor-element elementor-element-31f1f8a e-flex e-con-boxed e-con e-parent\" data-id=\"31f1f8a\" data-element_type=\"container\" data-e-type=\"container\" data-settings=\"{&quot;background_background&quot;:&quot;classic&quot;,&quot;animation&quot;:&quot;none&quot;}\">\n\t\t\t\t\t<div class=\"e-con-inner\">\n\t\t<div class=\"elementor-element elementor-element-3592102 e-con-full e-flex e-con e-child\" data-id=\"3592102\" data-element_type=\"container\" data-e-type=\"container\">\n\t\t<div class=\"elementor-element elementor-element-165231c e-con-full e-flex e-con e-child\" data-id=\"165231c\" data-element_type=\"container\" data-e-type=\"container\">\n\t\t\t\t<div class=\"elementor-element elementor-element-a00be4e elementor-widget__width-auto elementor-widget elementor-widget-heading\" data-id=\"a00be4e\" data-element_type=\"widget\" data-e-type=\"widget\" data-widget_type=\"heading.default\">\n\t\t\t\t<div class=\"elementor-widget-container\">\n\t\t\t\t\t<h2 class=\"elementor-heading-title elementor-size-default\">Env\u00edos al por mayor de ropa de cama disponibles  \n\n<\/h2>\t\t\t\t<\/div>\n\t\t\t\t<\/div>\n\t\t\t\t<\/div>\n\t\t\t\t<\/div>\n\t\t\t\t<div class=\"elementor-element elementor-element-ad3d116 elementor-widget elementor-widget-text-editor\" data-id=\"ad3d116\" data-element_type=\"widget\" data-e-type=\"widget\" data-settings=\"{&quot;_animation&quot;:&quot;none&quot;}\" data-widget_type=\"text-editor.default\">\n\t\t\t\t<div class=\"elementor-widget-container\">\n\t\t\t\t\t\t\t\t\t<p>Nuestra ropa de cama se empaqueta en balas de 450 kg para facilitar su manipulaci\u00f3n y se carga hasta 18.000 kg en un contenedor de cubo alto de 40 pies, lo que maximiza el espacio y ofrece una soluci\u00f3n rentable para los compradores al por mayor de todo el mundo.<\/p><p>Estamos preparados para ayudarle con soluciones de log\u00edstica y embalaje perfectas para mantener su producto en \u00f3ptimas condiciones durante todo el env\u00edo.<\/p>\t\t\t\t\t\t\t\t<\/div>\n\t\t\t\t<\/div>\n\t\t\t\t\t<\/div>\n\t\t\t\t<\/div>\n\t\t\t\t<section class=\"elementor-section elementor-top-section elementor-element elementor-element-25f14ff inner-benner elementor-section-boxed elementor-section-height-default elementor-section-height-default\" data-id=\"25f14ff\" data-element_type=\"section\" data-e-type=\"section\" data-settings=\"{&quot;background_background&quot;:&quot;classic&quot;}\">\n\t\t\t\t\t\t<div class=\"elementor-container elementor-column-gap-default\">\n\t\t\t\t\t<div class=\"elementor-column elementor-col-100 elementor-top-column elementor-element elementor-element-ac64aeb\" data-id=\"ac64aeb\" data-element_type=\"column\" data-e-type=\"column\">\n\t\t\t<div class=\"elementor-widget-wrap elementor-element-populated\">\n\t\t\t\t\t\t<div class=\"elementor-element elementor-element-aac0024 inner-h1 elementor-widget elementor-widget-heading\" data-id=\"aac0024\" data-element_type=\"widget\" data-e-type=\"widget\" data-widget_type=\"heading.default\">\n\t\t\t\t<div class=\"elementor-widget-container\">\n\t\t\t\t\t<h2 class=\"elementor-heading-title elementor-size-default\">Soluciones innovadoras para la crisis de las cosas<\/h2>\t\t\t\t<\/div>\n\t\t\t\t<\/div>\n\t\t\t\t<div class=\"elementor-element elementor-element-df551d6 elementor-widget elementor-widget-text-editor\" data-id=\"df551d6\" data-element_type=\"widget\" data-e-type=\"widget\" data-widget_type=\"text-editor.default\">\n\t\t\t\t<div class=\"elementor-widget-container\">\n\t\t\t\t\t\t\t\t\t\u00danete a nosotros en nuestra misi\u00f3n de reducir los residuos y promover una econom\u00eda circular.\n\n\t\t\t\t\t\t\t\t<\/div>\n\t\t\t\t<\/div>\n\t\t\t\t<div class=\"elementor-element elementor-element-5f48b62 btn_transparant animated-slow elementor-align-center elementor-invisible elementor-widget elementor-widget-button\" data-id=\"5f48b62\" data-element_type=\"widget\" data-e-type=\"widget\" data-settings=\"{&quot;_animation&quot;:&quot;fadeInRight&quot;}\" data-widget_type=\"button.default\">\n\t\t\t\t<div class=\"elementor-widget-container\">\n\t\t\t\t\t\t\t\t\t<div class=\"elementor-button-wrapper\">\n\t\t\t\t\t<a class=\"elementor-button elementor-button-link elementor-size-sm\" href=\"\/contact\">\n\t\t\t\t\t\t<span class=\"elementor-button-content-wrapper\">\n\t\t\t\t\t\t\t\t\t<span class=\"elementor-button-text\">Cont\u00e1ctanos<\/span>\n\t\t\t\t\t<\/span>\n\t\t\t\t\t<\/a>\n\t\t\t\t<\/div>\n\t\t\t\t\t\t\t\t<\/div>\n\t\t\t\t<\/div>\n\t\t\t\t\t<\/div>\n\t\t<\/div>\n\t\t\t\t\t<\/div>\n\t\t<\/section>\n\t\t\t\t<\/div>\n\t\t","protected":false},"excerpt":{"rendered":"<p>Ropa de cama Ropa de cama de calidad al por mayor, entregada con cuidado Nuestra categor\u00eda de ropa de cama incluye art\u00edculos de alta calidad cuidadosamente clasificados, como s\u00e1banas, mantas, fundas de almohada, toallas, manteles y cortinas. Cont\u00e1ctanos Ropa de cama al por mayor de alta calidad, lista para sus estanter\u00edas Nuestra ropa de cama [&hellip;]<\/p>\n","protected":false},"author":12,"featured_media":0,"parent":26839,"menu_order":0,"comment_status":"closed","ping_status":"closed","template":"elementor_header_footer","meta":{"site-sidebar-layout":"no-sidebar","site-content-layout":"","ast-site-content-layout":"full-width-container","site-content-style":"boxed","site-sidebar-style":"default","ast-global-header-display":"","ast-banner-title-visibility":"","ast-main-header-display":"","ast-hfb-above-header-display":"","ast-hfb-below-header-display":"","ast-hfb-mobile-header-display":"","site-post-title":"","ast-breadcrumbs-content":"","ast-featured-img":"","footer-sml-layout":"","theme-transparent-header-meta":"default","adv-header-id-meta":"","stick-header-meta":"","header-above-stick-meta":"","header-main-stick-meta":"","header-below-stick-meta":"","astra-migrate-meta-layouts":"default","ast-page-background-enabled":"default","ast-page-background-meta":{"desktop":{"background-color":"","background-image":"","background-repeat":"repeat","background-position":"center center","background-size":"auto","background-attachment":"scroll","background-type":"","background-media":"","overlay-type":"","overlay-color":"","overlay-opacity":"","overlay-gradient":""},"tablet":{"background-color":"","background-image":"","background-repeat":"repeat","background-position":"center center","background-size":"auto","background-attachment":"scroll","background-type":"","background-media":"","overlay-type":"","overlay-color":"","overlay-opacity":"","overlay-gradient":""},"mobile":{"background-color":"","background-image":"","background-repeat":"repeat","background-position":"center center","background-size":"auto","background-attachment":"scroll","background-type":"","background-media":"","overlay-type":"","overlay-color":"","overlay-opacity":"","overlay-gradient":""}},"ast-content-background-meta":{"desktop":{"background-color":"var(--ast-global-color-5)","background-image":"","background-repeat":"repeat","background-position":"center center","background-size":"auto","background-attachment":"scroll","background-type":"","background-media":"","overlay-type":"","overlay-color":"","overlay-opacity":"","overlay-gradient":""},"tablet":{"background-color":"var(--ast-global-color-5)","background-image":"","background-repeat":"repeat","background-position":"center center","background-size":"auto","background-attachment":"scroll","background-type":"","background-media":"","overlay-type":"","overlay-color":"","overlay-opacity":"","overlay-gradient":""},"mobile":{"background-color":"var(--ast-global-color-5)","background-image":"","background-repeat":"repeat","background-position":"center center","background-size":"auto","background-attachment":"scroll","background-type":"","background-media":"","overlay-type":"","overlay-color":"","overlay-opacity":"","overlay-gradient":""}},"footnotes":""},"class_list":["post-26684","page","type-page","status-publish","hentry"],"yoast_head":"<!-- This site is optimized with the Yoast SEO plugin v25.4 - https:\/\/yoast.com\/wordpress\/plugins\/seo\/ -->\n<title>Ropa de Cama al por Mayor | Bank &amp; Vogue<\/title>\n<meta name=\"description\" content=\"Contenedores de ropa de cama en pacas: s\u00e1banas, mantas, toallas, fundas y m\u00e1s. Art\u00edculos clasificados y embalados para env\u00edos globales. Cont\u00e1ctanos.\" \/>\n<meta name=\"robots\" content=\"index, follow, max-snippet:-1, max-image-preview:large, max-video-preview:-1\" \/>\n<link rel=\"canonical\" href=\"https:\/\/www.bankvogue.com\/es\/nuestros-productos\/ropa-de-cama\/\" \/>\n<meta property=\"og:locale\" content=\"es_ES\" \/>\n<meta property=\"og:type\" content=\"article\" \/>\n<meta property=\"og:title\" content=\"Ropa de Cama al por Mayor | Bank &amp; Vogue\" \/>\n<meta property=\"og:description\" content=\"Contenedores de ropa de cama en pacas: s\u00e1banas, mantas, toallas, fundas y m\u00e1s. Art\u00edculos clasificados y embalados para env\u00edos globales. Cont\u00e1ctanos.\" \/>\n<meta property=\"og:url\" content=\"https:\/\/www.bankvogue.com\/es\/nuestros-productos\/ropa-de-cama\/\" \/>\n<meta property=\"og:site_name\" content=\"Bank &amp; Vogue\" \/>\n<meta property=\"article:publisher\" content=\"https:\/\/www.facebook.com\/login\/\" \/>\n<meta property=\"article:modified_time\" content=\"2026-02-13T19:21:07+00:00\" \/>\n<meta property=\"og:image\" content=\"https:\/\/www.bankvogue.com\/wp-content\/uploads\/2025\/09\/Linen1.jpg\" \/>\n\t<meta property=\"og:image:width\" content=\"600\" \/>\n\t<meta property=\"og:image:height\" content=\"800\" \/>\n\t<meta property=\"og:image:type\" content=\"image\/jpeg\" \/>\n<meta name=\"twitter:card\" content=\"summary_large_image\" \/>\n<meta name=\"twitter:site\" content=\"@login\" \/>\n<meta name=\"twitter:label1\" content=\"Tiempo de lectura\" \/>\n\t<meta name=\"twitter:data1\" content=\"1 minuto\" \/>\n<!-- \/ Yoast SEO plugin. -->","yoast_head_json":{"title":"Ropa de Cama al por Mayor | Bank & Vogue","description":"Contenedores de ropa de cama en pacas: s\u00e1banas, mantas, toallas, fundas y m\u00e1s. Art\u00edculos clasificados y embalados para env\u00edos globales. Cont\u00e1ctanos.","robots":{"index":"index","follow":"follow","max-snippet":"max-snippet:-1","max-image-preview":"max-image-preview:large","max-video-preview":"max-video-preview:-1"},"canonical":"https:\/\/www.bankvogue.com\/es\/nuestros-productos\/ropa-de-cama\/","og_locale":"es_ES","og_type":"article","og_title":"Ropa de Cama al por Mayor | Bank & Vogue","og_description":"Contenedores de ropa de cama en pacas: s\u00e1banas, mantas, toallas, fundas y m\u00e1s. Art\u00edculos clasificados y embalados para env\u00edos globales. Cont\u00e1ctanos.","og_url":"https:\/\/www.bankvogue.com\/es\/nuestros-productos\/ropa-de-cama\/","og_site_name":"Bank &amp; Vogue","article_publisher":"https:\/\/www.facebook.com\/login\/","article_modified_time":"2026-02-13T19:21:07+00:00","og_image":[{"width":600,"height":800,"url":"https:\/\/www.bankvogue.com\/wp-content\/uploads\/2025\/09\/Linen1.jpg","type":"image\/jpeg"}],"twitter_card":"summary_large_image","twitter_site":"@login","twitter_misc":{"Tiempo de lectura":"1 minuto"},"schema":{"@context":"https:\/\/schema.org","@graph":[{"@type":"WebPage","@id":"https:\/\/www.bankvogue.com\/es\/nuestros-productos\/ropa-de-cama\/","url":"https:\/\/www.bankvogue.com\/es\/nuestros-productos\/ropa-de-cama\/","name":"Ropa de Cama al por Mayor | Bank & Vogue","isPartOf":{"@id":"https:\/\/www.bankvogue.com\/es\/#website"},"primaryImageOfPage":{"@id":"https:\/\/www.bankvogue.com\/es\/nuestros-productos\/ropa-de-cama\/#primaryimage"},"image":{"@id":"https:\/\/www.bankvogue.com\/es\/nuestros-productos\/ropa-de-cama\/#primaryimage"},"thumbnailUrl":"https:\/\/www.bankvogue.com\/wp-content\/uploads\/2025\/09\/Linen1.jpg","datePublished":"2025-08-31T17:37:39+00:00","dateModified":"2026-02-13T19:21:07+00:00","description":"Contenedores de ropa de cama en pacas: s\u00e1banas, mantas, toallas, fundas y m\u00e1s. Art\u00edculos clasificados y embalados para env\u00edos globales. Cont\u00e1ctanos.","breadcrumb":{"@id":"https:\/\/www.bankvogue.com\/es\/nuestros-productos\/ropa-de-cama\/#breadcrumb"},"inLanguage":"es","potentialAction":[{"@type":"ReadAction","target":["https:\/\/www.bankvogue.com\/es\/nuestros-productos\/ropa-de-cama\/"]}]},{"@type":"ImageObject","inLanguage":"es","@id":"https:\/\/www.bankvogue.com\/es\/nuestros-productos\/ropa-de-cama\/#primaryimage","url":"https:\/\/www.bankvogue.com\/wp-content\/uploads\/2025\/09\/Linen1.jpg","contentUrl":"https:\/\/www.bankvogue.com\/wp-content\/uploads\/2025\/09\/Linen1.jpg"},{"@type":"BreadcrumbList","@id":"https:\/\/www.bankvogue.com\/es\/nuestros-productos\/ropa-de-cama\/#breadcrumb","itemListElement":[{"@type":"ListItem","position":1,"name":"Home","item":"https:\/\/www.bankvogue.com\/es\/"},{"@type":"ListItem","position":2,"name":"Nuestros productos","item":"https:\/\/www.bankvogue.com\/es\/our-products\/"},{"@type":"ListItem","position":3,"name":"Ropa de cama"}]},{"@type":"WebSite","@id":"https:\/\/www.bankvogue.com\/es\/#website","url":"https:\/\/www.bankvogue.com\/es\/","name":"Bank &amp; Vogue","description":"LTD\/LTEE","publisher":{"@id":"https:\/\/www.bankvogue.com\/es\/#organization"},"alternateName":"B&V","potentialAction":[{"@type":"SearchAction","target":{"@type":"EntryPoint","urlTemplate":"https:\/\/www.bankvogue.com\/es\/?s={search_term_string}"},"query-input":{"@type":"PropertyValueSpecification","valueRequired":true,"valueName":"search_term_string"}}],"inLanguage":"es"},{"@type":"Organization","@id":"https:\/\/www.bankvogue.com\/es\/#organization","name":"Bank &amp; Vogue","url":"https:\/\/www.bankvogue.com\/es\/","logo":{"@type":"ImageObject","inLanguage":"es","@id":"https:\/\/www.bankvogue.com\/es\/#\/schema\/logo\/image\/","url":"https:\/\/www.bankvogue.com\/wp-content\/uploads\/2022\/08\/reverse-2.png","contentUrl":"https:\/\/www.bankvogue.com\/wp-content\/uploads\/2022\/08\/reverse-2.png","width":251,"height":210,"caption":"Bank &amp; Vogue"},"image":{"@id":"https:\/\/www.bankvogue.com\/es\/#\/schema\/logo\/image\/"},"sameAs":["https:\/\/www.facebook.com\/login\/","https:\/\/x.com\/login"]}]}},"blog_post_layout_featured_media_urls":{"thumbnail":"","full":""},"categories_names":null,"comments_number":"0","_links":{"self":[{"href":"https:\/\/www.bankvogue.com\/es\/wp-json\/wp\/v2\/pages\/26684","targetHints":{"allow":["GET"]}}],"collection":[{"href":"https:\/\/www.bankvogue.com\/es\/wp-json\/wp\/v2\/pages"}],"about":[{"href":"https:\/\/www.bankvogue.com\/es\/wp-json\/wp\/v2\/types\/page"}],"author":[{"embeddable":true,"href":"https:\/\/www.bankvogue.com\/es\/wp-json\/wp\/v2\/users\/12"}],"replies":[{"embeddable":true,"href":"https:\/\/www.bankvogue.com\/es\/wp-json\/wp\/v2\/comments?post=26684"}],"version-history":[{"count":11,"href":"https:\/\/www.bankvogue.com\/es\/wp-json\/wp\/v2\/pages\/26684\/revisions"}],"predecessor-version":[{"id":29245,"href":"https:\/\/www.bankvogue.com\/es\/wp-json\/wp\/v2\/pages\/26684\/revisions\/29245"}],"up":[{"embeddable":true,"href":"https:\/\/www.bankvogue.com\/es\/wp-json\/wp\/v2\/pages\/26839"}],"wp:attachment":[{"href":"https:\/\/www.bankvogue.com\/es\/wp-json\/wp\/v2\/media?parent=26684"}],"curies":[{"name":"wp","href":"https:\/\/api.w.org\/{rel}","templated":true}]}}