{"id":26649,"date":"2025-08-31T16:19:27","date_gmt":"2025-08-31T16:19:27","guid":{"rendered":"https:\/\/bankvogue.com\/juguetes-duros\/"},"modified":"2026-04-06T14:12:18","modified_gmt":"2026-04-06T14:12:18","slug":"juguetes-duros","status":"publish","type":"page","link":"https:\/\/www.bankvogue.com\/es\/nuestros-productos\/juguetes-duros\/","title":{"rendered":"Juguetes duros"},"content":{"rendered":"\t\t<div data-elementor-type=\"wp-page\" data-elementor-id=\"26649\" class=\"elementor elementor-26649 elementor-25888\" data-elementor-post-type=\"page\">\n\t\t\t\t\t\t<section class=\"elementor-section elementor-top-section elementor-element elementor-element-32855e92 inner-benner elementor-section-boxed elementor-section-height-default elementor-section-height-default\" data-id=\"32855e92\" data-element_type=\"section\" data-e-type=\"section\" data-settings=\"{&quot;background_background&quot;:&quot;classic&quot;}\">\n\t\t\t\t\t\t\t<div class=\"elementor-background-overlay\"><\/div>\n\t\t\t\t\t\t\t<div class=\"elementor-container elementor-column-gap-default\">\n\t\t\t\t\t<div class=\"elementor-column elementor-col-100 elementor-top-column elementor-element elementor-element-4f35a539\" data-id=\"4f35a539\" data-element_type=\"column\" data-e-type=\"column\">\n\t\t\t<div class=\"elementor-widget-wrap elementor-element-populated\">\n\t\t\t\t\t\t<div class=\"elementor-element elementor-element-525997ce inner-h1 elementor-widget elementor-widget-heading\" data-id=\"525997ce\" data-element_type=\"widget\" data-e-type=\"widget\" data-widget_type=\"heading.default\">\n\t\t\t\t<div class=\"elementor-widget-container\">\n\t\t\t\t\t<h1 class=\"elementor-heading-title elementor-size-default\">Juguetes duros\n\n<\/h1>\t\t\t\t<\/div>\n\t\t\t\t<\/div>\n\t\t\t\t\t<\/div>\n\t\t<\/div>\n\t\t\t\t\t<\/div>\n\t\t<\/section>\n\t\t\t\t<section class=\"elementor-section elementor-top-section elementor-element elementor-element-5a275f32 elementor-section-full_width elementor-section-height-min-height elementor-section-content-middle home_first_slider two-colunmRight lef_img elementor-section-items-stretch elementor-section-height-default\" data-id=\"5a275f32\" data-element_type=\"section\" data-e-type=\"section\" data-settings=\"{&quot;background_background&quot;:&quot;classic&quot;}\">\n\t\t\t\t\t\t<div class=\"elementor-container elementor-column-gap-no\">\n\t\t\t\t\t<div class=\"elementor-column elementor-col-50 elementor-top-column elementor-element elementor-element-6a157afa supply_used  j-center ptb-50\" data-id=\"6a157afa\" data-element_type=\"column\" data-e-type=\"column\">\n\t\t\t<div class=\"elementor-widget-wrap elementor-element-populated\">\n\t\t\t\t\t\t<section class=\"elementor-section elementor-inner-section elementor-element elementor-element-0a7213b elementor-section-full_width elementor-section-height-default elementor-section-height-default\" data-id=\"0a7213b\" data-element_type=\"section\" data-e-type=\"section\">\n\t\t\t\t\t\t<div class=\"elementor-container elementor-column-gap-no\">\n\t\t\t\t\t<div class=\"elementor-column elementor-col-100 elementor-inner-column elementor-element elementor-element-509cf31\" data-id=\"509cf31\" data-element_type=\"column\" data-e-type=\"column\">\n\t\t\t<div class=\"elementor-widget-wrap elementor-element-populated\">\n\t\t\t\t\t\t<div class=\"elementor-element elementor-element-f57ab35 elementor-widget elementor-widget-heading\" data-id=\"f57ab35\" data-element_type=\"widget\" data-e-type=\"widget\" data-settings=\"{&quot;_animation&quot;:&quot;none&quot;}\" data-widget_type=\"heading.default\">\n\t\t\t\t<div class=\"elementor-widget-container\">\n\t\t\t\t\t<h2 class=\"elementor-heading-title elementor-size-default\">Aumenta los beneficios con juguetes usados\n\n<\/h2>\t\t\t\t<\/div>\n\t\t\t\t<\/div>\n\t\t\t\t<div class=\"elementor-element elementor-element-c568c8c elementor-widget elementor-widget-text-editor\" data-id=\"c568c8c\" data-element_type=\"widget\" data-e-type=\"widget\" data-settings=\"{&quot;_animation&quot;:&quot;none&quot;}\" data-widget_type=\"text-editor.default\">\n\t\t\t\t<div class=\"elementor-widget-container\">\n\t\t\t\t\t\t\t\t\t<p>Nuestra categor\u00eda de juguetes duros incluye juguetes duraderos no blandos, como figuras de acci\u00f3n, bloques de construcci\u00f3n, mu\u00f1ecas, juegos, veh\u00edculos de juguete y electr\u00f3nica educativa.<\/p>\t\t\t\t\t\t\t\t<\/div>\n\t\t\t\t<\/div>\n\t\t\t\t\t<\/div>\n\t\t<\/div>\n\t\t\t\t\t<\/div>\n\t\t<\/section>\n\t\t\t\t<section class=\"elementor-section elementor-inner-section elementor-element elementor-element-f0ee45a elementor-section-full_width pt-70 btn_wraper_new elementor-section-height-default elementor-section-height-default\" data-id=\"f0ee45a\" data-element_type=\"section\" data-e-type=\"section\">\n\t\t\t\t\t\t<div class=\"elementor-container elementor-column-gap-no\">\n\t\t\t\t\t<div class=\"elementor-column elementor-col-100 elementor-inner-column elementor-element elementor-element-eb652fa\" data-id=\"eb652fa\" data-element_type=\"column\" data-e-type=\"column\">\n\t\t\t<div class=\"elementor-widget-wrap elementor-element-populated\">\n\t\t\t\t\t\t<div class=\"elementor-element elementor-element-7c285cc btn_transparant animated-slow elementor-mobile-align-center elementor-invisible elementor-widget elementor-widget-button\" data-id=\"7c285cc\" data-element_type=\"widget\" data-e-type=\"widget\" data-settings=\"{&quot;_animation&quot;:&quot;fadeInLeft&quot;}\" data-widget_type=\"button.default\">\n\t\t\t\t<div class=\"elementor-widget-container\">\n\t\t\t\t\t\t\t\t\t<div class=\"elementor-button-wrapper\">\n\t\t\t\t\t<a class=\"elementor-button elementor-button-link elementor-size-sm\" href=\"\/contact\">\n\t\t\t\t\t\t<span class=\"elementor-button-content-wrapper\">\n\t\t\t\t\t\t\t\t\t<span class=\"elementor-button-text\">Cont\u00e1ctanos<\/span>\n\t\t\t\t\t<\/span>\n\t\t\t\t\t<\/a>\n\t\t\t\t<\/div>\n\t\t\t\t\t\t\t\t<\/div>\n\t\t\t\t<\/div>\n\t\t\t\t\t<\/div>\n\t\t<\/div>\n\t\t\t\t\t<\/div>\n\t\t<\/section>\n\t\t\t\t\t<\/div>\n\t\t<\/div>\n\t\t\t\t<div class=\"elementor-column elementor-col-50 elementor-top-column elementor-element elementor-element-439905de\" data-id=\"439905de\" data-element_type=\"column\" data-e-type=\"column\">\n\t\t\t<div class=\"elementor-widget-wrap elementor-element-populated\">\n\t\t\t\t\t\t<div class=\"elementor-element elementor-element-4142a84e animated-slow elementor-widget elementor-widget-image\" data-id=\"4142a84e\" data-element_type=\"widget\" data-e-type=\"widget\" data-settings=\"{&quot;_animation&quot;:&quot;none&quot;}\" data-widget_type=\"image.default\">\n\t\t\t\t<div class=\"elementor-widget-container\">\n\t\t\t\t\t\t\t\t\t\t\t\t\t\t\t<img fetchpriority=\"high\" decoding=\"async\" width=\"900\" height=\"1600\" src=\"https:\/\/www.bankvogue.com\/wp-content\/uploads\/2025\/08\/Hard_Toys_16.jpeg\" class=\"attachment-full size-full wp-image-26650\" alt=\"\" srcset=\"https:\/\/www.bankvogue.com\/wp-content\/uploads\/2025\/08\/Hard_Toys_16.jpeg 900w, https:\/\/www.bankvogue.com\/wp-content\/uploads\/2025\/08\/Hard_Toys_16-169x300.jpeg 169w, https:\/\/www.bankvogue.com\/wp-content\/uploads\/2025\/08\/Hard_Toys_16-576x1024.jpeg 576w, https:\/\/www.bankvogue.com\/wp-content\/uploads\/2025\/08\/Hard_Toys_16-768x1365.jpeg 768w, https:\/\/www.bankvogue.com\/wp-content\/uploads\/2025\/08\/Hard_Toys_16-864x1536.jpeg 864w\" sizes=\"(max-width: 900px) 100vw, 900px\" \/>\t\t\t\t\t\t\t\t\t\t\t\t\t\t\t<\/div>\n\t\t\t\t<\/div>\n\t\t\t\t\t<\/div>\n\t\t<\/div>\n\t\t\t\t\t<\/div>\n\t\t<\/section>\n\t\t<div class=\"elementor-element elementor-element-3d029cd e-flex e-con-boxed e-con e-child\" data-id=\"3d029cd\" data-element_type=\"container\" data-e-type=\"container\">\n\t\t\t\t\t<div class=\"e-con-inner\">\n\t\t<div class=\"elementor-element elementor-element-cd86984 e-con-full e-flex e-con e-child\" data-id=\"cd86984\" data-element_type=\"container\" data-e-type=\"container\" data-settings=\"{&quot;background_background&quot;:&quot;classic&quot;}\">\n\t\t\t\t<div class=\"elementor-element elementor-element-1fa22fd elementor-widget elementor-widget-heading\" data-id=\"1fa22fd\" data-element_type=\"widget\" data-e-type=\"widget\" data-widget_type=\"heading.default\">\n\t\t\t\t<div class=\"elementor-widget-container\">\n\t\t\t\t\t<h1 class=\"elementor-heading-title elementor-size-default\">Env\u00edos a granel de juguetes duros disponibles\n\n<\/h1>\t\t\t\t<\/div>\n\t\t\t\t<\/div>\n\t\t\t\t<div class=\"elementor-element elementor-element-c65690f elementor-widget elementor-widget-text-editor\" data-id=\"c65690f\" data-element_type=\"widget\" data-e-type=\"widget\" data-widget_type=\"text-editor.default\">\n\t\t\t\t<div class=\"elementor-widget-container\">\n\t\t\t\t\t\t\t\t\t<p>Ideales para la reventa, los juguetes usados son especialmente populares en regiones donde la asequibilidad y la durabilidad son clave, embalados en cajas, sacos o contenedores Gaylord para adaptarse a su proceso de env\u00edo y manipulaci\u00f3n.<\/p>\t\t\t\t\t\t\t\t<\/div>\n\t\t\t\t<\/div>\n\t\t\t\t<\/div>\n\t\t<div class=\"elementor-element elementor-element-8bad0cb e-con-full e-flex e-con e-child\" data-id=\"8bad0cb\" data-element_type=\"container\" data-e-type=\"container\">\n\t\t<div class=\"elementor-element elementor-element-7ad99bd e-con-full e-flex e-con e-child\" data-id=\"7ad99bd\" data-element_type=\"container\" data-e-type=\"container\" data-settings=\"{&quot;background_background&quot;:&quot;classic&quot;}\">\n\t\t\t\t<div class=\"elementor-element elementor-element-aeb004c elementor-widget elementor-widget-text-editor\" data-id=\"aeb004c\" data-element_type=\"widget\" data-e-type=\"widget\" data-widget_type=\"text-editor.default\">\n\t\t\t\t<div class=\"elementor-widget-container\">\n\t\t\t\t\t\t\t\t\t<p>Los env\u00edos se preparan para la exportaci\u00f3n internacional a granel, con cargas de contenedor promedio de 6.350 kg en contenedores Gaylord, 9.979 kg en sacos y 12.700 kg en cajas, lo que ofrece una soluci\u00f3n flexible, eficiente y rentable para los compradores globales.<\/p>\t\t\t\t\t\t\t\t<\/div>\n\t\t\t\t<\/div>\n\t\t\t\t<div class=\"elementor-element elementor-element-d6d29bc elementor-mobile-align-center elementor-widget elementor-widget-button\" data-id=\"d6d29bc\" data-element_type=\"widget\" data-e-type=\"widget\" data-widget_type=\"button.default\">\n\t\t\t\t<div class=\"elementor-widget-container\">\n\t\t\t\t\t\t\t\t\t<div class=\"elementor-button-wrapper\">\n\t\t\t\t\t<a class=\"elementor-button elementor-button-link elementor-size-sm\" href=\"https:\/\/www.bankvogue.com\/es\/contactenos\/\">\n\t\t\t\t\t\t<span class=\"elementor-button-content-wrapper\">\n\t\t\t\t\t\t\t\t\t<span class=\"elementor-button-text\">Cont\u00e1ctanos<\/span>\n\t\t\t\t\t<\/span>\n\t\t\t\t\t<\/a>\n\t\t\t\t<\/div>\n\t\t\t\t\t\t\t\t<\/div>\n\t\t\t\t<\/div>\n\t\t\t\t<\/div>\n\t\t\t\t<\/div>\n\t\t\t\t\t<\/div>\n\t\t\t\t<\/div>\n\t\t<div class=\"elementor-element elementor-element-31f1f8a e-flex e-con-boxed e-con e-parent\" data-id=\"31f1f8a\" data-element_type=\"container\" data-e-type=\"container\" data-settings=\"{&quot;background_background&quot;:&quot;classic&quot;}\">\n\t\t\t\t\t<div class=\"e-con-inner\">\n\t\t<div class=\"elementor-element elementor-element-3592102 e-con-full e-flex e-con e-child\" data-id=\"3592102\" data-element_type=\"container\" data-e-type=\"container\">\n\t\t<div class=\"elementor-element elementor-element-165231c e-con-full e-flex e-con e-child\" data-id=\"165231c\" data-element_type=\"container\" data-e-type=\"container\">\n\t\t\t\t<div class=\"elementor-element elementor-element-a00be4e elementor-widget__width-auto elementor-widget elementor-widget-heading\" data-id=\"a00be4e\" data-element_type=\"widget\" data-e-type=\"widget\" data-widget_type=\"heading.default\">\n\t\t\t\t<div class=\"elementor-widget-container\">\n\t\t\t\t\t<h2 class=\"elementor-heading-title elementor-size-default\">Somos proveedores de juguetes usados\n\n<\/h2>\t\t\t\t<\/div>\n\t\t\t\t<\/div>\n\t\t\t\t<\/div>\n\t\t\t\t<\/div>\n\t\t\t\t<div class=\"elementor-element elementor-element-ad3d116 elementor-widget elementor-widget-text-editor\" data-id=\"ad3d116\" data-element_type=\"widget\" data-e-type=\"widget\" data-settings=\"{&quot;_animation&quot;:&quot;none&quot;}\" data-widget_type=\"text-editor.default\">\n\t\t\t\t<div class=\"elementor-widget-container\">\n\t\t\t\t\t\t\t\t\t<p>Nuestros juguetes duros provienen de socios sin fines de lucro de confianza a trav\u00e9s de programas de donaci\u00f3n en Canad\u00e1, Estados Unidos y el Reino Unido. Construidos para durar, estos juguetes duraderos ofrecen un valor excepcional en el mercado secundario global, lo que los convierte en una opci\u00f3n ideal para la reventa, la reutilizaci\u00f3n y las oportunidades de exportaci\u00f3n a granel. <\/p>\t\t\t\t\t\t\t\t<\/div>\n\t\t\t\t<\/div>\n\t\t\t\t\t<\/div>\n\t\t\t\t<\/div>\n\t\t\t\t<section class=\"elementor-section elementor-top-section elementor-element elementor-element-25f14ff inner-benner elementor-section-boxed elementor-section-height-default elementor-section-height-default\" data-id=\"25f14ff\" data-element_type=\"section\" data-e-type=\"section\" data-settings=\"{&quot;background_background&quot;:&quot;classic&quot;}\">\n\t\t\t\t\t\t<div class=\"elementor-container elementor-column-gap-default\">\n\t\t\t\t\t<div class=\"elementor-column elementor-col-100 elementor-top-column elementor-element elementor-element-ac64aeb\" data-id=\"ac64aeb\" data-element_type=\"column\" data-e-type=\"column\">\n\t\t\t<div class=\"elementor-widget-wrap elementor-element-populated\">\n\t\t\t\t\t\t<div class=\"elementor-element elementor-element-aac0024 inner-h1 elementor-widget elementor-widget-heading\" data-id=\"aac0024\" data-element_type=\"widget\" data-e-type=\"widget\" data-widget_type=\"heading.default\">\n\t\t\t\t<div class=\"elementor-widget-container\">\n\t\t\t\t\t<h2 class=\"elementor-heading-title elementor-size-default\">Soluciones innovadoras para la crisis de los productos<\/h2>\t\t\t\t<\/div>\n\t\t\t\t<\/div>\n\t\t\t\t<div class=\"elementor-element elementor-element-df551d6 elementor-widget elementor-widget-text-editor\" data-id=\"df551d6\" data-element_type=\"widget\" data-e-type=\"widget\" data-widget_type=\"text-editor.default\">\n\t\t\t\t<div class=\"elementor-widget-container\">\n\t\t\t\t\t\t\t\t\t\u00danete a nosotros en nuestra misi\u00f3n de reducir el desperdicio y promover una econom\u00eda circular.\n\n\t\t\t\t\t\t\t\t<\/div>\n\t\t\t\t<\/div>\n\t\t\t\t<div class=\"elementor-element elementor-element-5f48b62 btn_transparant animated-slow elementor-align-center elementor-invisible elementor-widget elementor-widget-button\" data-id=\"5f48b62\" data-element_type=\"widget\" data-e-type=\"widget\" data-settings=\"{&quot;_animation&quot;:&quot;fadeInRight&quot;}\" data-widget_type=\"button.default\">\n\t\t\t\t<div class=\"elementor-widget-container\">\n\t\t\t\t\t\t\t\t\t<div class=\"elementor-button-wrapper\">\n\t\t\t\t\t<a class=\"elementor-button elementor-button-link elementor-size-sm\" href=\"\/contact\">\n\t\t\t\t\t\t<span class=\"elementor-button-content-wrapper\">\n\t\t\t\t\t\t\t\t\t<span class=\"elementor-button-text\">Cont\u00e1ctenos<\/span>\n\t\t\t\t\t<\/span>\n\t\t\t\t\t<\/a>\n\t\t\t\t<\/div>\n\t\t\t\t\t\t\t\t<\/div>\n\t\t\t\t<\/div>\n\t\t\t\t\t<\/div>\n\t\t<\/div>\n\t\t\t\t\t<\/div>\n\t\t<\/section>\n\t\t\t\t<\/div>\n\t\t","protected":false},"excerpt":{"rendered":"<p>Juguetes duros Aumenta los beneficios con juguetes usados Nuestra categor\u00eda de juguetes duros incluye juguetes duraderos no blandos, como figuras de acci\u00f3n, bloques de construcci\u00f3n, mu\u00f1ecas, juegos, veh\u00edculos de juguete y electr\u00f3nica educativa. Cont\u00e1ctanos Env\u00edos a granel de juguetes duros disponibles Ideales para la reventa, los juguetes usados son especialmente populares en regiones donde la [&hellip;]<\/p>\n","protected":false},"author":12,"featured_media":0,"parent":26839,"menu_order":0,"comment_status":"closed","ping_status":"closed","template":"elementor_header_footer","meta":{"site-sidebar-layout":"no-sidebar","site-content-layout":"","ast-site-content-layout":"full-width-container","site-content-style":"boxed","site-sidebar-style":"default","ast-global-header-display":"","ast-banner-title-visibility":"","ast-main-header-display":"","ast-hfb-above-header-display":"","ast-hfb-below-header-display":"","ast-hfb-mobile-header-display":"","site-post-title":"","ast-breadcrumbs-content":"","ast-featured-img":"","footer-sml-layout":"","theme-transparent-header-meta":"default","adv-header-id-meta":"","stick-header-meta":"","header-above-stick-meta":"","header-main-stick-meta":"","header-below-stick-meta":"","astra-migrate-meta-layouts":"set","ast-page-background-enabled":"default","ast-page-background-meta":{"desktop":{"background-color":"","background-image":"","background-repeat":"repeat","background-position":"center center","background-size":"auto","background-attachment":"scroll","background-type":"","background-media":"","overlay-type":"","overlay-color":"","overlay-opacity":"","overlay-gradient":""},"tablet":{"background-color":"","background-image":"","background-repeat":"repeat","background-position":"center center","background-size":"auto","background-attachment":"scroll","background-type":"","background-media":"","overlay-type":"","overlay-color":"","overlay-opacity":"","overlay-gradient":""},"mobile":{"background-color":"","background-image":"","background-repeat":"repeat","background-position":"center center","background-size":"auto","background-attachment":"scroll","background-type":"","background-media":"","overlay-type":"","overlay-color":"","overlay-opacity":"","overlay-gradient":""}},"ast-content-background-meta":{"desktop":{"background-color":"var(--ast-global-color-5)","background-image":"","background-repeat":"repeat","background-position":"center center","background-size":"auto","background-attachment":"scroll","background-type":"","background-media":"","overlay-type":"","overlay-color":"","overlay-opacity":"","overlay-gradient":""},"tablet":{"background-color":"var(--ast-global-color-5)","background-image":"","background-repeat":"repeat","background-position":"center center","background-size":"auto","background-attachment":"scroll","background-type":"","background-media":"","overlay-type":"","overlay-color":"","overlay-opacity":"","overlay-gradient":""},"mobile":{"background-color":"var(--ast-global-color-5)","background-image":"","background-repeat":"repeat","background-position":"center center","background-size":"auto","background-attachment":"scroll","background-type":"","background-media":"","overlay-type":"","overlay-color":"","overlay-opacity":"","overlay-gradient":""}},"footnotes":""},"class_list":["post-26649","page","type-page","status-publish","hentry"],"yoast_head":"<!-- This site is optimized with the Yoast SEO plugin v25.4 - https:\/\/yoast.com\/wordpress\/plugins\/seo\/ -->\n<title>Juguetes Usados al por Mayor | Bank &amp; Vogue<\/title>\n<meta name=\"description\" content=\"Compraventa mayorista de juguetes duros usados seleccionados cuidadosamente. Contactanos.\" \/>\n<meta name=\"robots\" content=\"index, follow, max-snippet:-1, max-image-preview:large, max-video-preview:-1\" \/>\n<link rel=\"canonical\" href=\"https:\/\/www.bankvogue.com\/es\/nuestros-productos\/juguetes-duros\/\" \/>\n<meta property=\"og:locale\" content=\"es_ES\" \/>\n<meta property=\"og:type\" content=\"article\" \/>\n<meta property=\"og:title\" content=\"Juguetes Usados al por Mayor | Bank &amp; Vogue\" \/>\n<meta property=\"og:description\" content=\"Compraventa mayorista de juguetes duros usados seleccionados cuidadosamente. Contactanos.\" \/>\n<meta property=\"og:url\" content=\"https:\/\/www.bankvogue.com\/es\/nuestros-productos\/juguetes-duros\/\" \/>\n<meta property=\"og:site_name\" content=\"Bank &amp; Vogue\" \/>\n<meta property=\"article:publisher\" content=\"https:\/\/www.facebook.com\/login\/\" \/>\n<meta property=\"article:modified_time\" content=\"2026-04-06T14:12:18+00:00\" \/>\n<meta property=\"og:image\" content=\"https:\/\/www.bankvogue.com\/wp-content\/uploads\/2025\/08\/Hard_Toys_16.jpeg\" \/>\n<meta name=\"twitter:card\" content=\"summary_large_image\" \/>\n<meta name=\"twitter:site\" content=\"@login\" \/>\n<meta name=\"twitter:label1\" content=\"Tiempo de lectura\" \/>\n\t<meta name=\"twitter:data1\" content=\"2 minutos\" \/>\n<!-- \/ Yoast SEO plugin. -->","yoast_head_json":{"title":"Juguetes Usados al por Mayor | Bank & Vogue","description":"Compraventa mayorista de juguetes duros usados seleccionados cuidadosamente. Contactanos.","robots":{"index":"index","follow":"follow","max-snippet":"max-snippet:-1","max-image-preview":"max-image-preview:large","max-video-preview":"max-video-preview:-1"},"canonical":"https:\/\/www.bankvogue.com\/es\/nuestros-productos\/juguetes-duros\/","og_locale":"es_ES","og_type":"article","og_title":"Juguetes Usados al por Mayor | Bank & Vogue","og_description":"Compraventa mayorista de juguetes duros usados seleccionados cuidadosamente. Contactanos.","og_url":"https:\/\/www.bankvogue.com\/es\/nuestros-productos\/juguetes-duros\/","og_site_name":"Bank &amp; Vogue","article_publisher":"https:\/\/www.facebook.com\/login\/","article_modified_time":"2026-04-06T14:12:18+00:00","og_image":[{"url":"https:\/\/www.bankvogue.com\/wp-content\/uploads\/2025\/08\/Hard_Toys_16.jpeg","type":"","width":"","height":""}],"twitter_card":"summary_large_image","twitter_site":"@login","twitter_misc":{"Tiempo de lectura":"2 minutos"},"schema":{"@context":"https:\/\/schema.org","@graph":[{"@type":"WebPage","@id":"https:\/\/www.bankvogue.com\/es\/nuestros-productos\/juguetes-duros\/","url":"https:\/\/www.bankvogue.com\/es\/nuestros-productos\/juguetes-duros\/","name":"Juguetes Usados al por Mayor | Bank & Vogue","isPartOf":{"@id":"https:\/\/www.bankvogue.com\/es\/#website"},"primaryImageOfPage":{"@id":"https:\/\/www.bankvogue.com\/es\/nuestros-productos\/juguetes-duros\/#primaryimage"},"image":{"@id":"https:\/\/www.bankvogue.com\/es\/nuestros-productos\/juguetes-duros\/#primaryimage"},"thumbnailUrl":"https:\/\/www.bankvogue.com\/wp-content\/uploads\/2025\/08\/Hard_Toys_16.jpeg","datePublished":"2025-08-31T16:19:27+00:00","dateModified":"2026-04-06T14:12:18+00:00","description":"Compraventa mayorista de juguetes duros usados seleccionados cuidadosamente. Contactanos.","breadcrumb":{"@id":"https:\/\/www.bankvogue.com\/es\/nuestros-productos\/juguetes-duros\/#breadcrumb"},"inLanguage":"es","potentialAction":[{"@type":"ReadAction","target":["https:\/\/www.bankvogue.com\/es\/nuestros-productos\/juguetes-duros\/"]}]},{"@type":"ImageObject","inLanguage":"es","@id":"https:\/\/www.bankvogue.com\/es\/nuestros-productos\/juguetes-duros\/#primaryimage","url":"https:\/\/www.bankvogue.com\/wp-content\/uploads\/2025\/08\/Hard_Toys_16.jpeg","contentUrl":"https:\/\/www.bankvogue.com\/wp-content\/uploads\/2025\/08\/Hard_Toys_16.jpeg"},{"@type":"BreadcrumbList","@id":"https:\/\/www.bankvogue.com\/es\/nuestros-productos\/juguetes-duros\/#breadcrumb","itemListElement":[{"@type":"ListItem","position":1,"name":"Home","item":"https:\/\/www.bankvogue.com\/es\/"},{"@type":"ListItem","position":2,"name":"Nuestros productos","item":"https:\/\/www.bankvogue.com\/es\/our-products\/"},{"@type":"ListItem","position":3,"name":"Juguetes duros"}]},{"@type":"WebSite","@id":"https:\/\/www.bankvogue.com\/es\/#website","url":"https:\/\/www.bankvogue.com\/es\/","name":"Bank &amp; Vogue","description":"LTD\/LTEE","publisher":{"@id":"https:\/\/www.bankvogue.com\/es\/#organization"},"alternateName":"B&V","potentialAction":[{"@type":"SearchAction","target":{"@type":"EntryPoint","urlTemplate":"https:\/\/www.bankvogue.com\/es\/?s={search_term_string}"},"query-input":{"@type":"PropertyValueSpecification","valueRequired":true,"valueName":"search_term_string"}}],"inLanguage":"es"},{"@type":"Organization","@id":"https:\/\/www.bankvogue.com\/es\/#organization","name":"Bank &amp; Vogue","url":"https:\/\/www.bankvogue.com\/es\/","logo":{"@type":"ImageObject","inLanguage":"es","@id":"https:\/\/www.bankvogue.com\/es\/#\/schema\/logo\/image\/","url":"https:\/\/www.bankvogue.com\/wp-content\/uploads\/2022\/08\/reverse-2.png","contentUrl":"https:\/\/www.bankvogue.com\/wp-content\/uploads\/2022\/08\/reverse-2.png","width":251,"height":210,"caption":"Bank &amp; Vogue"},"image":{"@id":"https:\/\/www.bankvogue.com\/es\/#\/schema\/logo\/image\/"},"sameAs":["https:\/\/www.facebook.com\/login\/","https:\/\/x.com\/login"]}]}},"blog_post_layout_featured_media_urls":{"thumbnail":"","full":""},"categories_names":null,"comments_number":"0","_links":{"self":[{"href":"https:\/\/www.bankvogue.com\/es\/wp-json\/wp\/v2\/pages\/26649","targetHints":{"allow":["GET"]}}],"collection":[{"href":"https:\/\/www.bankvogue.com\/es\/wp-json\/wp\/v2\/pages"}],"about":[{"href":"https:\/\/www.bankvogue.com\/es\/wp-json\/wp\/v2\/types\/page"}],"author":[{"embeddable":true,"href":"https:\/\/www.bankvogue.com\/es\/wp-json\/wp\/v2\/users\/12"}],"replies":[{"embeddable":true,"href":"https:\/\/www.bankvogue.com\/es\/wp-json\/wp\/v2\/comments?post=26649"}],"version-history":[{"count":12,"href":"https:\/\/www.bankvogue.com\/es\/wp-json\/wp\/v2\/pages\/26649\/revisions"}],"predecessor-version":[{"id":29384,"href":"https:\/\/www.bankvogue.com\/es\/wp-json\/wp\/v2\/pages\/26649\/revisions\/29384"}],"up":[{"embeddable":true,"href":"https:\/\/www.bankvogue.com\/es\/wp-json\/wp\/v2\/pages\/26839"}],"wp:attachment":[{"href":"https:\/\/www.bankvogue.com\/es\/wp-json\/wp\/v2\/media?parent=26649"}],"curies":[{"name":"wp","href":"https:\/\/api.w.org\/{rel}","templated":true}]}}